{"id":920,"date":"2023-07-21T11:17:31","date_gmt":"2023-07-21T09:17:31","guid":{"rendered":"https:\/\/www.maceng.de\/a-propos-de-nous\/"},"modified":"2023-11-07T16:03:39","modified_gmt":"2023-11-07T15:03:39","slug":"a-propos-de-nous","status":"publish","type":"page","link":"https:\/\/www.maceng.de\/fr\/a-propos-de-nous\/","title":{"rendered":"\u00c0 propos de nous"},"content":{"rendered":"\n<style type=\"text\/css\" data-created_by=\"avia_inline_auto\" id=\"style-css-av-lnt403pu-5022ef2ff26ba7d8c2861e67e7195c33\">\n.avia-section.av-lnt403pu-5022ef2ff26ba7d8c2861e67e7195c33{\nbackground-repeat:no-repeat;\nbackground-image:url(https:\/\/www.maceng.de\/wp-content\/uploads\/2023\/10\/MAC-Gmbh-Foto-11.jpg);\nbackground-position:50% 50%;\nbackground-attachment:fixed;\n}\n<\/style>\n<div id='av_section_1'  class='avia-section av-lnt403pu-5022ef2ff26ba7d8c2861e67e7195c33 main_color avia-section-default avia-no-border-styling  avia-builder-el-0  el_before_av_section  avia-builder-el-first  avia-full-stretch avia-bg-style-fixed av-minimum-height av-minimum-height-50 av-height-50  container_wrap fullsize'  data-section-bg-repeat='stretch' data-av_minimum_height_pc='50' data-av_min_height_opt='50'><div class='container av-section-cont-open' ><main  role=\"main\" itemprop=\"mainContentOfPage\"  class='template-page content  av-content-full alpha units'><div class='post-entry post-entry-type-page post-entry-920'><div class='entry-content-wrapper clearfix'>\n<\/div><\/div><\/main><!-- close content main element --><\/div><\/div>\n<style type=\"text\/css\" data-created_by=\"avia_inline_auto\" id=\"style-css-av-1qxu3-7cd384d24687dd0d66e6de798f34074d\">\n.avia-section.av-1qxu3-7cd384d24687dd0d66e6de798f34074d{\nbackground-color:#2d5c88;\nbackground:linear-gradient( to bottom, #2d5c88, #007ac3 );\n}\n<\/style>\n<div id='av_section_2'  class='avia-section av-1qxu3-7cd384d24687dd0d66e6de798f34074d main_color avia-section-large avia-no-border-styling  avia-builder-el-1  el_after_av_section  el_before_av_section  avia-bg-style-scroll container_wrap fullsize'  ><div class='container av-section-cont-open' ><div class='template-page content  av-content-full alpha units'><div class='post-entry post-entry-type-page post-entry-920'><div class='entry-content-wrapper clearfix'>\n<div  class='flex_column av-xnfr-7739d78633b1999d325dacbb7db6f6d8 av_one_full  avia-builder-el-2  avia-builder-el-no-sibling  first flex_column_div  '     ><style type=\"text\/css\" data-created_by=\"avia_inline_auto\" id=\"style-css-av-lkgq8xih-7d2921286a8da0b49e29139e245c49c1\">\n#top .av-special-heading.av-lkgq8xih-7d2921286a8da0b49e29139e245c49c1{\npadding-bottom:10px;\ncolor:#ffffff;\n}\nbody .av-special-heading.av-lkgq8xih-7d2921286a8da0b49e29139e245c49c1 .av-special-heading-tag .heading-char{\nfont-size:25px;\n}\n#top #wrap_all .av-special-heading.av-lkgq8xih-7d2921286a8da0b49e29139e245c49c1 .av-special-heading-tag{\npadding:0 0 10px 0;\n}\n.av-special-heading.av-lkgq8xih-7d2921286a8da0b49e29139e245c49c1 .special-heading-inner-border{\nborder-color:#ffffff;\n}\n.av-special-heading.av-lkgq8xih-7d2921286a8da0b49e29139e245c49c1 .av-subheading{\nfont-size:24px;\n}\n<\/style>\n<div  class='av-special-heading av-lkgq8xih-7d2921286a8da0b49e29139e245c49c1 av-special-heading-h1 custom-color-heading blockquote modern-quote modern-centered  avia-builder-el-3  avia-builder-el-no-sibling '><h1 class='av-special-heading-tag '  itemprop=\"headline\"  >\u00c0 PROPOS DE NOUS<\/h1><div class=\"special-heading-border\"><div class=\"special-heading-inner-border\"><\/div><\/div><\/div><\/div>\n\n<\/div><\/div><\/div><!-- close content main div --><\/div><\/div><div id='av_section_3'  class='avia-section av-1a06v-9ae91bc81b293530c84bd685fc24b164 main_color avia-section-default avia-no-border-styling  avia-builder-el-4  el_after_av_section  avia-builder-el-last  avia-bg-style-scroll container_wrap fullsize'  ><div class='container av-section-cont-open' ><div class='template-page content  av-content-full alpha units'><div class='post-entry post-entry-type-page post-entry-920'><div class='entry-content-wrapper clearfix'>\n<div  class='flex_column av-10ogr-03e7843d57ce77d83222f0d0a5034d41 av_one_full  avia-builder-el-5  avia-builder-el-no-sibling  first flex_column_div  '     ><section  class='av_textblock_section av-lkgqcbwx-c59eedc5309717ec786761ed6a2a236e '   itemscope=\"itemscope\" itemtype=\"https:\/\/schema.org\/CreativeWork\" ><div class='avia_textblock'  itemprop=\"text\" ><p>La soci\u00e9t\u00e9 MAC GmbH a \u00e9t\u00e9 fond\u00e9e en 2003 par Markus Albert en Suisse. Au cours de son d\u00e9veloppement, l&rsquo;entreprise a \u00e9t\u00e9 \u00e9largie par la soci\u00e9t\u00e9 MAC GmbH en Allemagne. Les ann\u00e9es de collaboration entre Markus ALBERT et Andreas ROLL ont conduit \u00e0 ce que MAC GmbH soit poursuivie depuis 2023 par Andreas ROLL dans le cadre d&rsquo;un r\u00e8glement de succession sous le nom de \u00ab MAC GmbH Deutschland \u00bb.<\/p>\n<p>Une \u00e9quipe de professionnels et de sp\u00e9cialistes s\u00e9lectionn\u00e9s et tr\u00e8s exp\u00e9riment\u00e9s s&rsquo;engage dans le monde entier pour des projets s\u00e9lectionn\u00e9s et exigeants dans la g\u00e9nie m\u00e9canique et l&rsquo;industrie de la fonderie. Nos exigences \u00e9lev\u00e9es en mati\u00e8re de qualit\u00e9 et notre \u00e9norme comp\u00e9tence dans l&rsquo;industrie de la fonderie, de la forge et de la construction m\u00e9canique font de nous un partenaire fiable et unique dans le monde entier pour relever les multiples d\u00e9fis de l&rsquo;avenir.<\/p>\n<p>Les propri\u00e9taires et les \u00e9quipes de MAC GmbH accordent une grande importance \u00e0 une collaboration professionnelle et partenariale. En tant que client, vous \u00eates donc un \u00e9l\u00e9ment essentiel de l&rsquo;\u00e9quipe de projet commune. Nos \u00e9quipes sont compos\u00e9es individuellement en fonction des sp\u00e9cifications de chaque projet, afin que les bonnes connaissances soient disponibles au bon endroit et au bon moment.<\/p>\n<p>L&rsquo;utilisation depuis de nombreuses ann\u00e9es de notre expertise dans des projets \u00e0 l&rsquo;\u00e9chelle mondiale nous permet d&rsquo;avoir une tr\u00e8s bonne vue d&rsquo;ensemble du march\u00e9 des fabricants et fournisseurs d&rsquo;installations et de machines ainsi que de mati\u00e8res premi\u00e8res et auxiliaires. Notre ind\u00e9pendance absolue vis-\u00e0-vis des fournisseurs garantit des r\u00e9sultats de projet optimaux et des solutions flexibles. Gr\u00e2ce \u00e0 une collaboration transparente et excellente avec les meilleurs fournisseurs, nous trouvons pour chaque projet la solution techniquement la meilleure et \u00e9conomiquement optimale.<\/p>\n<p>C&rsquo;est pourquoi nous collaborons \u00e9galement avec des Universit\u00e9s des Sciences Appliqu\u00e9es reconnues dans le cadre de projets s\u00e9lectionn\u00e9s, afin de d\u00e9velopper des technologies innovantes et de trouver de nouvelles approches de solutions, de sorte que nous soyons \u00e9galement pr\u00eats \u00e0 relever les d\u00e9fis futurs tels que l&rsquo;industrie 4.0. Avec l&rsquo;Universit\u00e9 Technique des Mines de Freiberg\/Saxe en Allemagne et l&rsquo;Universit\u00e9 des Sciences Appliqu\u00e9es du Nord-Ouest de la Suisse, nous avons r\u00e9alis\u00e9 au cours des derni\u00e8res ann\u00e9es les projets suivants :<\/p>\n<ul>\n<li>Capteur pour la mesure des valeurs de sable pour les sables \u00e0 liant bentonite, directement sur la plaque mod\u00e8le et dans le processus de la coul\u00e9e, ce qui permet un retour direct au m\u00e9langeur de sable pour le prochain m\u00e9lange de sable.<\/li>\n<li>Coul\u00e9e de pi\u00e8ces en fonte d\u2019aluminium et d\u2019acier \u00e0 paroi mince composants sp\u00e9ciaux dans des \u00e9paisseurs de paroi de 2,5 \u00e0 3,5 mm en aluminium et de 1,8 \u00e0 3,5 mm en acier<\/li>\n<li>\u2022 R\u00e9duction de 50% du temps de refroidissement des pi\u00e8ces moul\u00e9es de 1 \u00e0 120 tonnes pendant la solidification et le refroidissement, ce qui permet de r\u00e9duire\/\u00e9viter les op\u00e9rations de recuit.<\/li>\n<\/ul>\n<p>Nous aimons sortir des sentiers battus et relever des d\u00e9fis hors du commun pour que votre projet puisse se r\u00e9aliser.<\/p>\n<\/div><\/section><\/div>\n\n","protected":false},"excerpt":{"rendered":"","protected":false},"author":1,"featured_media":0,"parent":0,"menu_order":0,"comment_status":"closed","ping_status":"closed","template":"","meta":{"_seopress_robots_primary_cat":"","_seopress_titles_title":"","_seopress_titles_desc":"","_seopress_robots_index":"","_bbp_topic_count":0,"_bbp_reply_count":0,"_bbp_total_topic_count":0,"_bbp_total_reply_count":0,"_bbp_voice_count":0,"_bbp_anonymous_reply_count":0,"_bbp_topic_count_hidden":0,"_bbp_reply_count_hidden":0,"_bbp_forum_subforum_count":0,"footnotes":""},"class_list":["post-920","page","type-page","status-publish","hentry"],"_links":{"self":[{"href":"https:\/\/www.maceng.de\/fr\/wp-json\/wp\/v2\/pages\/920","targetHints":{"allow":["GET"]}}],"collection":[{"href":"https:\/\/www.maceng.de\/fr\/wp-json\/wp\/v2\/pages"}],"about":[{"href":"https:\/\/www.maceng.de\/fr\/wp-json\/wp\/v2\/types\/page"}],"author":[{"embeddable":true,"href":"https:\/\/www.maceng.de\/fr\/wp-json\/wp\/v2\/users\/1"}],"replies":[{"embeddable":true,"href":"https:\/\/www.maceng.de\/fr\/wp-json\/wp\/v2\/comments?post=920"}],"version-history":[{"count":4,"href":"https:\/\/www.maceng.de\/fr\/wp-json\/wp\/v2\/pages\/920\/revisions"}],"predecessor-version":[{"id":1754,"href":"https:\/\/www.maceng.de\/fr\/wp-json\/wp\/v2\/pages\/920\/revisions\/1754"}],"wp:attachment":[{"href":"https:\/\/www.maceng.de\/fr\/wp-json\/wp\/v2\/media?parent=920"}],"curies":[{"name":"wp","href":"https:\/\/api.w.org\/{rel}","templated":true}]}}