{"id":901,"date":"2023-07-24T13:14:16","date_gmt":"2023-07-24T11:14:16","guid":{"rendered":"https:\/\/www.maceng.de\/etudes-de-cas\/"},"modified":"2024-01-25T11:09:54","modified_gmt":"2024-01-25T10:09:54","slug":"etudes-de-cas","status":"publish","type":"page","link":"https:\/\/www.maceng.de\/fr\/etudes-de-cas\/","title":{"rendered":"\u00c9tudes de cas"},"content":{"rendered":"\n<style type=\"text\/css\" data-created_by=\"avia_inline_auto\" id=\"style-css-av-lnt3ta2n-2cffccb8244202e3119bcc4e5e094870\">\n.avia-section.av-lnt3ta2n-2cffccb8244202e3119bcc4e5e094870{\nbackground-repeat:no-repeat;\nbackground-image:url(https:\/\/www.maceng.de\/wp-content\/uploads\/2023\/10\/MAC-Gmbh-Foto-19.jpg);\nbackground-position:50% 50%;\nbackground-attachment:fixed;\n}\n<\/style>\n<div id='av_section_1'  class='avia-section av-lnt3ta2n-2cffccb8244202e3119bcc4e5e094870 main_color avia-section-default avia-no-border-styling  avia-builder-el-0  el_before_av_section  avia-builder-el-first  avia-full-stretch avia-bg-style-fixed av-minimum-height av-minimum-height-50 av-height-50  container_wrap fullsize'  data-section-bg-repeat='stretch' data-av_minimum_height_pc='50' data-av_min_height_opt='50'><div class='container av-section-cont-open' ><main  role=\"main\" itemprop=\"mainContentOfPage\"  class='template-page content  av-content-full alpha units'><div class='post-entry post-entry-type-page post-entry-901'><div class='entry-content-wrapper clearfix'>\n<\/div><\/div><\/main><!-- close content main element --><\/div><\/div>\n<style type=\"text\/css\" data-created_by=\"avia_inline_auto\" id=\"style-css-av-vbu1m-1a7457d86022a6da25a399d0dbfe31ad\">\n.avia-section.av-vbu1m-1a7457d86022a6da25a399d0dbfe31ad{\nbackground-color:#2d5c88;\nbackground:linear-gradient( to bottom, #2d5c88, #007ac3 );\n}\n<\/style>\n<div id='av_section_2'  class='avia-section av-vbu1m-1a7457d86022a6da25a399d0dbfe31ad main_color avia-section-large avia-no-border-styling  avia-builder-el-1  el_after_av_section  el_before_av_section  avia-bg-style-scroll container_wrap fullsize'  ><div class='container av-section-cont-open' ><div class='template-page content  av-content-full alpha units'><div class='post-entry post-entry-type-page post-entry-901'><div class='entry-content-wrapper clearfix'>\n<div  class='flex_column av-pv842-2a40a5b07e5c2b51f8fbdd8ffeff2dc2 av_one_full  avia-builder-el-2  avia-builder-el-no-sibling  first flex_column_div  '     ><style type=\"text\/css\" data-created_by=\"avia_inline_auto\" id=\"style-css-av-lkgrtl9g-7ced613be0e58c72102725518e5332aa\">\n#top .av-special-heading.av-lkgrtl9g-7ced613be0e58c72102725518e5332aa{\npadding-bottom:10px;\ncolor:#ffffff;\n}\nbody .av-special-heading.av-lkgrtl9g-7ced613be0e58c72102725518e5332aa .av-special-heading-tag .heading-char{\nfont-size:25px;\n}\n#top #wrap_all .av-special-heading.av-lkgrtl9g-7ced613be0e58c72102725518e5332aa .av-special-heading-tag{\npadding:0 0 10px 0;\n}\n.av-special-heading.av-lkgrtl9g-7ced613be0e58c72102725518e5332aa .special-heading-inner-border{\nborder-color:#ffffff;\n}\n.av-special-heading.av-lkgrtl9g-7ced613be0e58c72102725518e5332aa .av-subheading{\nfont-size:24px;\n}\n<\/style>\n<div  class='av-special-heading av-lkgrtl9g-7ced613be0e58c72102725518e5332aa av-special-heading-h1 custom-color-heading blockquote modern-quote modern-centered  avia-builder-el-3  avia-builder-el-no-sibling '><h1 class='av-special-heading-tag '  itemprop=\"headline\"  >\u00c9TUDES DE CAS<\/h1><div class=\"special-heading-border\"><div class=\"special-heading-inner-border\"><\/div><\/div><\/div><\/div>\n\n<\/div><\/div><\/div><!-- close content main div --><\/div><\/div><div id='av_section_3'  class='avia-section av-mlwci-fc7b23f0a29cb76261b8171c49721a38 main_color avia-section-default avia-no-border-styling  avia-builder-el-4  el_after_av_section  el_before_av_section  avia-bg-style-scroll container_wrap fullsize'  ><div class='container av-section-cont-open' ><div class='template-page content  av-content-full alpha units'><div class='post-entry post-entry-type-page post-entry-901'><div class='entry-content-wrapper clearfix'>\n<div  class='flex_column av-df12y-8f35e0f21436881a0ae77212ba508cb4 av_one_third  avia-builder-el-5  el_before_av_two_third  avia-builder-el-first  first flex_column_div  '     ><style type=\"text\/css\" data-created_by=\"avia_inline_auto\" id=\"style-css-av-lkgs0vtm-d505c03201d7f733941811f23b15a030\">\n.avia-image-container.av-lkgs0vtm-d505c03201d7f733941811f23b15a030 img.avia_image{\nbox-shadow:none;\n}\n.avia-image-container.av-lkgs0vtm-d505c03201d7f733941811f23b15a030 .av-image-caption-overlay-center{\ncolor:#ffffff;\n}\n<\/style>\n<div  class='avia-image-container av-lkgs0vtm-d505c03201d7f733941811f23b15a030 av-styling- avia-align-center  avia-builder-el-6  avia-builder-el-no-sibling '   itemprop=\"image\" itemscope=\"itemscope\" itemtype=\"https:\/\/schema.org\/ImageObject\" ><div class=\"avia-image-container-inner\"><div class=\"avia-image-overlay-wrap\"><img decoding=\"async\" fetchpriority=\"high\" class='wp-image- avia-img-lazy-loading-not- avia_image ' src=\"https:\/\/www.maceng.de\/wp-content\/uploads\/2023\/07\/Fallstudie_1-1.jpg\" alt='' title=''   itemprop=\"thumbnailUrl\"  \/><\/div><\/div><\/div><\/div><div  class='flex_column av-86b3m-9262a42725c5db7da05c5414d5a64a2c av_two_third  avia-builder-el-7  el_after_av_one_third  avia-builder-el-last  flex_column_div  '     ><section  class='av_textblock_section av-lkgrvs0f-916ed1708e4efcdb3a42c6e46d2fb4ac '   itemscope=\"itemscope\" itemtype=\"https:\/\/schema.org\/CreativeWork\" ><div class='avia_textblock'  itemprop=\"text\" ><h3>MAC &#8211; \u00c9tude de cas 01 : Fonderie de grande taille, Cor\u00e9e du Sud<\/h3>\n<p>MAC GmbH | Consulting and Engineering a \u00e9t\u00e9 contact\u00e9e par une entreprise de construction m\u00e9canique sud-cor\u00e9enne, car elle n&rsquo;obtenait pas sur le march\u00e9 le nombre requis de pi\u00e8ces de fonderie brutes avec la structure m\u00e9tallurgique n\u00e9cessaire pour les chemises de cylindres des moteurs de bateaux. L&rsquo;id\u00e9e \u00e9tait de construire sa propre fonderie et de lancer la production pour ses propres besoins. La capacit\u00e9 de conception de la fonderie a \u00e9t\u00e9 fix\u00e9e \u00e0 11.000 chemises de cylindres par an avec un poids moyen de la fonte brute de 9 tonnes. En raison de la composition particuli\u00e8re de la fonte grise, la technique de fonderie \u00e9tait \u00e9troitement li\u00e9e \u00e0 la technologie de coul\u00e9e, toutes deux \u00e9tant fournies par MAC GmbH.<\/p>\n<\/div><\/section><br \/>\n<section  class='av_textblock_section av-lktpzofc-fdb4771e2dba9c4fe653f81119ca51fa '   itemscope=\"itemscope\" itemtype=\"https:\/\/schema.org\/CreativeWork\" ><div class='avia_textblock'  itemprop=\"text\" ><p>\n<style type=\"text\/css\" data-created_by=\"avia_inline_auto\" id=\"style-css-av-kwq6q-0e4181515a506db0f8411bdedd9daeca\">\n.av_font_icon.av-kwq6q-0e4181515a506db0f8411bdedd9daeca{\ncolor:#007cc3;\nborder-color:#007cc3;\n}\n.avia-svg-icon.av-kwq6q-0e4181515a506db0f8411bdedd9daeca svg:first-child{\nstroke:#007cc3;\nfill:#007cc3;\n}\n.av_font_icon.av-kwq6q-0e4181515a506db0f8411bdedd9daeca .av-icon-char{\nfont-size:30px;\nline-height:30px;\n}\n<\/style>\n<span  class='av_font_icon av-kwq6q-0e4181515a506db0f8411bdedd9daeca avia_animate_when_visible av-icon-style- avia-icon-pos-left avia-iconfont avia-font-entypo-fontello avia-icon-animate'><span class='av-icon-char' data-av_icon='\ue835' data-av_iconfont='entypo-fontello' aria-hidden=\"true\" ><\/span><\/span> <a href=\"https:\/\/www.maceng.de\/wp-content\/uploads\/2023\/08\/01-Fallstudie-Grossguss_DE.pdf\" target=\"_blank\" rel=\"noopener\">\u00c9tude de cas 1 : Fonderie de grande taille<\/a><\/p>\n<\/div><\/section><\/p><\/div>\n\n<\/div><\/div><\/div><!-- close content main div --><\/div><\/div><div id='av_section_4'  class='avia-section av-3nhzm-d44e3d980621b69bb879db43e0fd36af main_color avia-section-default avia-no-border-styling  avia-builder-el-11  el_after_av_section  avia-builder-el-last  avia-bg-style-scroll container_wrap fullsize'  ><div class='container av-section-cont-open' ><div class='template-page content  av-content-full alpha units'><div class='post-entry post-entry-type-page post-entry-901'><div class='entry-content-wrapper clearfix'>\n<div  class='flex_column av-zjy4i-536ee4a3956c1307ecdc154bf3d9109b av_one_third  avia-builder-el-12  el_before_av_two_third  avia-builder-el-first  first flex_column_div  '     ><style type=\"text\/css\" data-created_by=\"avia_inline_auto\" id=\"style-css-av-lkgstl1u-a0a96dde799b08ce97bbf03c8e9cd364\">\n.avia-image-container.av-lkgstl1u-a0a96dde799b08ce97bbf03c8e9cd364 img.avia_image{\nbox-shadow:none;\n}\n.avia-image-container.av-lkgstl1u-a0a96dde799b08ce97bbf03c8e9cd364 .av-image-caption-overlay-center{\ncolor:#ffffff;\n}\n<\/style>\n<div  class='avia-image-container av-lkgstl1u-a0a96dde799b08ce97bbf03c8e9cd364 av-styling- avia-align-center  avia-builder-el-13  avia-builder-el-no-sibling '   itemprop=\"image\" itemscope=\"itemscope\" itemtype=\"https:\/\/schema.org\/ImageObject\" ><div class=\"avia-image-container-inner\"><div class=\"avia-image-overlay-wrap\"><img alt=\"\" decoding=\"async\" alt=\"\" fetchpriority=\"high\" class='wp-image-775 avia-img-lazy-loading-not-775 avia_image ' src=\"https:\/\/www.maceng.de\/wp-content\/uploads\/2023\/07\/Fallstudie_2.jpg\" alt='' title='Fallstudie_2'  height=\"300\" width=\"300\"  itemprop=\"thumbnailUrl\" srcset=\"https:\/\/www.maceng.de\/wp-content\/uploads\/2023\/07\/Fallstudie_2.jpg 300w, https:\/\/www.maceng.de\/wp-content\/uploads\/2023\/07\/Fallstudie_2-80x80.jpg 80w, https:\/\/www.maceng.de\/wp-content\/uploads\/2023\/07\/Fallstudie_2-36x36.jpg 36w, https:\/\/www.maceng.de\/wp-content\/uploads\/2023\/07\/Fallstudie_2-180x180.jpg 180w\" sizes=\"(max-width: 300px) 100vw, 300px\" \/><\/div><\/div><\/div><\/div><div  class='flex_column av-pj4xe-60daa6a5d8264c490065878d8ec9d726 av_two_third  avia-builder-el-14  el_after_av_one_third  avia-builder-el-last  flex_column_div  '     ><section  class='av_textblock_section av-lkgsw8ya-38be1ea5723fb40c4b0c0cc787362311 '   itemscope=\"itemscope\" itemtype=\"https:\/\/schema.org\/CreativeWork\" ><div class='avia_textblock'  itemprop=\"text\" ><h3>MAC &#8211; \u00c9tude de cas 02 : Blocs cylindres \u00e0 2 temps en aluminium, Allemagne<\/h3>\n<p>MAC GmbH | Consulting and Engineering a \u00e9t\u00e9 charg\u00e9e par un fabricant de composants de moteurs \u00e0 combustion de concevoir et de r\u00e9aliser 2 installations hautement automatis\u00e9es pour la coul\u00e9e aux contours finaux d&rsquo;un bloc-cylindres en aluminium pour moteurs \u00e0 deux temps. La pi\u00e8ce coul\u00e9e est utilis\u00e9e dans les tron\u00e7onneuses, les d\u00e9sherbeurs et autres outils de jardinage. L&rsquo;objectif \u00e9tait d&rsquo;impl\u00e9menter les lignes de production dans une entreprise existante, d&rsquo;augmenter le degr\u00e9 d&rsquo;automatisation de l&rsquo;installation et de rendre ainsi l&rsquo;entreprise p\u00e9renne. La capacit\u00e9 de planification pour la premi\u00e8re ligne de production \u00e9tait de 1,1 millions de cylindres par an et de 0,8 millions pour la deuxi\u00e8me ligne.<\/p>\n<\/div><\/section><br \/>\n<section  class='av_textblock_section av-lktq3and-316c5b5728355abb422f05e0976c6cd5 '   itemscope=\"itemscope\" itemtype=\"https:\/\/schema.org\/CreativeWork\" ><div class='avia_textblock'  itemprop=\"text\" ><p>\n<style type=\"text\/css\" data-created_by=\"avia_inline_auto\" id=\"style-css-av-f6kw2-210ede2afa3602c37071c705c0f6295c\">\n.av_font_icon.av-f6kw2-210ede2afa3602c37071c705c0f6295c{\ncolor:#007cc3;\nborder-color:#007cc3;\n}\n.avia-svg-icon.av-f6kw2-210ede2afa3602c37071c705c0f6295c svg:first-child{\nstroke:#007cc3;\nfill:#007cc3;\n}\n.av_font_icon.av-f6kw2-210ede2afa3602c37071c705c0f6295c .av-icon-char{\nfont-size:30px;\nline-height:30px;\n}\n<\/style>\n<span  class='av_font_icon av-f6kw2-210ede2afa3602c37071c705c0f6295c avia_animate_when_visible av-icon-style- avia-icon-pos-left avia-iconfont avia-font-entypo-fontello avia-icon-animate'><span class='av-icon-char' data-av_icon='\ue835' data-av_iconfont='entypo-fontello' aria-hidden=\"true\" ><\/span><\/span> <a href=\"https:\/\/www.maceng.de\/wp-content\/uploads\/2023\/08\/02-Fallstudie-Alu-Zylinderbloecke_DE.pdf\" target=\"_blank\" rel=\"noopener\">\u00c9tude de cas 2 : Blocs cylindres en aluminium<\/a><\/p>\n<\/div><\/section><\/p><\/div>\n\n","protected":false},"excerpt":{"rendered":"","protected":false},"author":1,"featured_media":0,"parent":0,"menu_order":0,"comment_status":"closed","ping_status":"closed","template":"","meta":{"_seopress_robots_primary_cat":"","_seopress_titles_title":"","_seopress_titles_desc":"","_seopress_robots_index":"","_bbp_topic_count":0,"_bbp_reply_count":0,"_bbp_total_topic_count":0,"_bbp_total_reply_count":0,"_bbp_voice_count":0,"_bbp_anonymous_reply_count":0,"_bbp_topic_count_hidden":0,"_bbp_reply_count_hidden":0,"_bbp_forum_subforum_count":0,"footnotes":""},"class_list":["post-901","page","type-page","status-publish","hentry"],"_links":{"self":[{"href":"https:\/\/www.maceng.de\/fr\/wp-json\/wp\/v2\/pages\/901","targetHints":{"allow":["GET"]}}],"collection":[{"href":"https:\/\/www.maceng.de\/fr\/wp-json\/wp\/v2\/pages"}],"about":[{"href":"https:\/\/www.maceng.de\/fr\/wp-json\/wp\/v2\/types\/page"}],"author":[{"embeddable":true,"href":"https:\/\/www.maceng.de\/fr\/wp-json\/wp\/v2\/users\/1"}],"replies":[{"embeddable":true,"href":"https:\/\/www.maceng.de\/fr\/wp-json\/wp\/v2\/comments?post=901"}],"version-history":[{"count":26,"href":"https:\/\/www.maceng.de\/fr\/wp-json\/wp\/v2\/pages\/901\/revisions"}],"predecessor-version":[{"id":2423,"href":"https:\/\/www.maceng.de\/fr\/wp-json\/wp\/v2\/pages\/901\/revisions\/2423"}],"wp:attachment":[{"href":"https:\/\/www.maceng.de\/fr\/wp-json\/wp\/v2\/media?parent=901"}],"curies":[{"name":"wp","href":"https:\/\/api.w.org\/{rel}","templated":true}]}}