{"id":876,"date":"2023-07-24T12:35:29","date_gmt":"2023-07-24T10:35:29","guid":{"rendered":"https:\/\/www.maceng.de\/personne-de-contact\/"},"modified":"2024-04-15T14:03:17","modified_gmt":"2024-04-15T12:03:17","slug":"personne-de-contact","status":"publish","type":"page","link":"https:\/\/www.maceng.de\/fr\/personne-de-contact\/","title":{"rendered":"Personnes de contact"},"content":{"rendered":"\n<style type=\"text\/css\" data-created_by=\"avia_inline_auto\" id=\"style-css-av-lnt44jms-7b8cedc19d3ed339568c8d82f881a33f\">\n.avia-section.av-lnt44jms-7b8cedc19d3ed339568c8d82f881a33f{\nbackground-repeat:no-repeat;\nbackground-image:url(https:\/\/www.maceng.de\/wp-content\/uploads\/2023\/10\/MAC-Gmbh-Foto-02.jpg);\nbackground-position:50% 50%;\nbackground-attachment:fixed;\n}\n<\/style>\n<div id='av_section_1'  class='avia-section av-lnt44jms-7b8cedc19d3ed339568c8d82f881a33f main_color avia-section-default avia-no-border-styling  avia-builder-el-0  el_before_av_section  avia-builder-el-first  avia-full-stretch avia-bg-style-fixed av-minimum-height av-minimum-height-50 av-height-50  container_wrap fullsize'  data-section-bg-repeat='stretch' data-av_minimum_height_pc='50' data-av_min_height_opt='50'><div class='container av-section-cont-open' ><main  role=\"main\" itemprop=\"mainContentOfPage\"  class='template-page content  av-content-full alpha units'><div class='post-entry post-entry-type-page post-entry-876'><div class='entry-content-wrapper clearfix'>\n<\/div><\/div><\/main><!-- close content main element --><\/div><\/div>\n<style type=\"text\/css\" data-created_by=\"avia_inline_auto\" id=\"style-css-av-ho99r-669864b94c3ebe6ea7a2ad1ee86970da\">\n.avia-section.av-ho99r-669864b94c3ebe6ea7a2ad1ee86970da{\nbackground-color:#2d5c88;\nbackground:linear-gradient( to bottom, #2d5c88, #007ac3 );\n}\n<\/style>\n<div id='av_section_2'  class='avia-section av-ho99r-669864b94c3ebe6ea7a2ad1ee86970da main_color avia-section-large avia-no-border-styling  avia-builder-el-1  el_after_av_section  el_before_av_section  avia-bg-style-scroll container_wrap fullsize'  ><div class='container av-section-cont-open' ><div class='template-page content  av-content-full alpha units'><div class='post-entry post-entry-type-page post-entry-876'><div class='entry-content-wrapper clearfix'>\n<div  class='flex_column av-6x2zz-5659478f62b6aae39210de423ecbc3c1 av_one_full  avia-builder-el-2  avia-builder-el-no-sibling  first flex_column_div  '     ><style type=\"text\/css\" data-created_by=\"avia_inline_auto\" id=\"style-css-av-lkgqfpkv-02285584a1f1f6ab180832cee04115f2\">\n#top .av-special-heading.av-lkgqfpkv-02285584a1f1f6ab180832cee04115f2{\npadding-bottom:10px;\ncolor:#ffffff;\n}\nbody .av-special-heading.av-lkgqfpkv-02285584a1f1f6ab180832cee04115f2 .av-special-heading-tag .heading-char{\nfont-size:25px;\n}\n#top #wrap_all .av-special-heading.av-lkgqfpkv-02285584a1f1f6ab180832cee04115f2 .av-special-heading-tag{\npadding:0 0 10px 0;\n}\n.av-special-heading.av-lkgqfpkv-02285584a1f1f6ab180832cee04115f2 .special-heading-inner-border{\nborder-color:#ffffff;\n}\n.av-special-heading.av-lkgqfpkv-02285584a1f1f6ab180832cee04115f2 .av-subheading{\nfont-size:24px;\n}\n<\/style>\n<div  class='av-special-heading av-lkgqfpkv-02285584a1f1f6ab180832cee04115f2 av-special-heading-h1 custom-color-heading blockquote modern-quote modern-centered  avia-builder-el-3  avia-builder-el-no-sibling '><h1 class='av-special-heading-tag '  itemprop=\"headline\"  >PERSONNES DE CONTACT<\/h1><div class=\"special-heading-border\"><div class=\"special-heading-inner-border\"><\/div><\/div><\/div><\/div>\n\n<\/div><\/div><\/div><!-- close content main div --><\/div><\/div><div id='av_section_3'  class='avia-section av-kfauv-38b3683b0d9529f54bff9a5a11bccf41 main_color avia-section-default avia-no-border-styling  avia-builder-el-4  el_after_av_section  el_before_av_section  avia-bg-style-scroll container_wrap fullsize'  ><div class='container av-section-cont-open' ><div class='template-page content  av-content-full alpha units'><div class='post-entry post-entry-type-page post-entry-876'><div class='entry-content-wrapper clearfix'>\n<div  class='flex_column av-d0thr-e607ca5938d50c587abe2717a02483df av_one_fourth  avia-builder-el-5  el_before_av_three_fourth  avia-builder-el-first  first flex_column_div  '     ><style type=\"text\/css\" data-created_by=\"avia_inline_auto\" id=\"style-css-av-lkgqjz9i-9e8145b2ccf59f2eb6e03fca63ce30be\">\n.avia-image-container.av-lkgqjz9i-9e8145b2ccf59f2eb6e03fca63ce30be img.avia_image{\nbox-shadow:none;\n}\n.avia-image-container.av-lkgqjz9i-9e8145b2ccf59f2eb6e03fca63ce30be .av-image-caption-overlay-center{\ncolor:#ffffff;\n}\n<\/style>\n<div  class='avia-image-container av-lkgqjz9i-9e8145b2ccf59f2eb6e03fca63ce30be av-styling- avia-align-center  avia-builder-el-6  avia-builder-el-no-sibling '   itemprop=\"image\" itemscope=\"itemscope\" itemtype=\"https:\/\/schema.org\/ImageObject\" ><div class=\"avia-image-container-inner\"><div class=\"avia-image-overlay-wrap\"><img alt=\"\" decoding=\"async\" alt=\"\" fetchpriority=\"high\" class='wp-image-763 avia-img-lazy-loading-not-763 avia_image ' src=\"https:\/\/www.maceng.de\/wp-content\/uploads\/2023\/07\/Andreas_Roll_web.jpg\" alt='' title='Andreas_Roll_web'  height=\"200\" width=\"200\"  itemprop=\"thumbnailUrl\" srcset=\"https:\/\/www.maceng.de\/wp-content\/uploads\/2023\/07\/Andreas_Roll_web.jpg 200w, https:\/\/www.maceng.de\/wp-content\/uploads\/2023\/07\/Andreas_Roll_web-80x80.jpg 80w, https:\/\/www.maceng.de\/wp-content\/uploads\/2023\/07\/Andreas_Roll_web-36x36.jpg 36w, https:\/\/www.maceng.de\/wp-content\/uploads\/2023\/07\/Andreas_Roll_web-180x180.jpg 180w\" sizes=\"(max-width: 200px) 100vw, 200px\" \/><\/div><\/div><\/div><\/div><div  class='flex_column av-16p7r-015258b9b20072c357b9120da183e56d av_three_fourth  avia-builder-el-7  el_after_av_one_fourth  avia-builder-el-last  flex_column_div  '     ><section  class='av_textblock_section av-lkgql6e5-1184881a1d3b48fe81672b8b7fada818 '   itemscope=\"itemscope\" itemtype=\"https:\/\/schema.org\/CreativeWork\" ><div class='avia_textblock'  itemprop=\"text\" ><h2>Andreas Roll | Ing\u00e9nieur en fonderie<\/h2>\n<p>Depuis 2008, Andreas Roll travaillait pour MAC GmbH en tant que GiessereiEngineering GmbH. Dans de nombreux projets, les deux entreprises se sont compl\u00e9t\u00e9es de mani\u00e8re optimale et ont pu fournir un travail de qualit\u00e9 pour les clients MAC. La compr\u00e9hension des projets, le d\u00e9roulement ainsi que la collaboration avec les clients correspondaient \u00e0 une approche commune. Cette collaboration \u00e0 long terme a d\u00e9bouch\u00e9 sur la reprise de MAC GmbH Deutschland par Andreas Roll.<\/p>\n<p>Son parcours professionnel a commenc\u00e9 comme outilleur dans une fonderie sous pression. Il a ensuite \u00e9tudi\u00e9 la technique de la fonderie et des mat\u00e9riaux \u00e0 l&rsquo;Universit\u00e9 des Sciences Appliqu\u00e9es de Friedberg\/Hesse (en Allemagne), o\u00f9 il a obtenu un dipl\u00f4me d&rsquo;ing\u00e9nieur en fonderie. En tant que tel, il a accompagn\u00e9 des postes \u00e0 responsabilit\u00e9 dans le d\u00e9veloppement, la planification et la production dans des fonderies Tier One. Depuis 2021, Andreas Roll est \u00e0 la t\u00eate de MAC GmbH Deutschland.<\/p>\n<\/div><\/section><\/div><\/div><\/div><\/div><!-- close content main div --><\/div><\/div><div id='av_section_4'  class='avia-section av-10gagn-c8d757fe208815d8fa79343b6423d2b8 main_color avia-section-default avia-no-border-styling  avia-builder-el-9  el_after_av_section  el_before_av_section  avia-bg-style-scroll container_wrap fullsize'  ><div class='container av-section-cont-open' ><div class='template-page content  av-content-full alpha units'><div class='post-entry post-entry-type-page post-entry-876'><div class='entry-content-wrapper clearfix'>\n<div  class='flex_column av-3gdsv-d6983fd3f27ae0835415b687c5489442 av_one_fourth  avia-builder-el-10  el_before_av_three_fourth  avia-builder-el-first  first flex_column_div  '     ><style type=\"text\/css\" data-created_by=\"avia_inline_auto\" id=\"style-css-av-lkgqn75q-93c17f2283815acaa2ec947ea2735b8a\">\n.avia-image-container.av-lkgqn75q-93c17f2283815acaa2ec947ea2735b8a img.avia_image{\nbox-shadow:none;\n}\n.avia-image-container.av-lkgqn75q-93c17f2283815acaa2ec947ea2735b8a .av-image-caption-overlay-center{\ncolor:#ffffff;\n}\n<\/style>\n<div  class='avia-image-container av-lkgqn75q-93c17f2283815acaa2ec947ea2735b8a av-styling- avia-align-center  avia-builder-el-11  avia-builder-el-no-sibling '   itemprop=\"image\" itemscope=\"itemscope\" itemtype=\"https:\/\/schema.org\/ImageObject\" ><div class=\"avia-image-container-inner\"><div class=\"avia-image-overlay-wrap\"><img alt=\"\" decoding=\"async\" alt=\"\" fetchpriority=\"high\" class='wp-image-765 avia-img-lazy-loading-not-765 avia_image ' src=\"https:\/\/www.maceng.de\/wp-content\/uploads\/2023\/07\/Markus_Albert_web.jpg\" alt='' title='Markus_Albert_web'  height=\"200\" width=\"200\"  itemprop=\"thumbnailUrl\" srcset=\"https:\/\/www.maceng.de\/wp-content\/uploads\/2023\/07\/Markus_Albert_web.jpg 200w, https:\/\/www.maceng.de\/wp-content\/uploads\/2023\/07\/Markus_Albert_web-80x80.jpg 80w, https:\/\/www.maceng.de\/wp-content\/uploads\/2023\/07\/Markus_Albert_web-36x36.jpg 36w, https:\/\/www.maceng.de\/wp-content\/uploads\/2023\/07\/Markus_Albert_web-180x180.jpg 180w\" sizes=\"(max-width: 200px) 100vw, 200px\" \/><\/div><\/div><\/div><\/div><div  class='flex_column av-tpq7j-0fd6c89e983e7562190eeef58a59bf33 av_three_fourth  avia-builder-el-12  el_after_av_one_fourth  avia-builder-el-last  flex_column_div  '     ><section  class='av_textblock_section av-lkgqo6r9-a81705aea646f986cc0d46bb5982fcc3 '   itemscope=\"itemscope\" itemtype=\"https:\/\/schema.org\/CreativeWork\" ><div class='avia_textblock'  itemprop=\"text\" ><h2>Markus Albert | Dipl. Oek.  | Technologue en fonderie<\/h2>\n<p>Markus Albert est un entrepreneur ind\u00e9pendant. En 2003, il a fond\u00e9 notre \u00ab\u00a0soci\u00e9t\u00e9 m\u00e8re\u00a0\u00bb, MAC GmbH, en Suisse. Apr\u00e8s sa formation de technicien en fonderie, il a \u00e9tudi\u00e9 l&rsquo;\u00e9conomie d&rsquo;entreprise. Il a acquis une longue exp\u00e9rience nationale et internationale dans le domaine du conseil et de la gestion d&rsquo;entreprise. Markus Albert est un fondeur dans l&rsquo;\u00e2me et il est toujours heureux de mettre ses vastes connaissances et sa riche exp\u00e9rience \u00e0 la disposition des clients pour des solutions \u00e9conomiques et techniquement \u00e9quilibr\u00e9es.<\/p>\n<p>Pendant des ann\u00e9es, Markus Albert a collabor\u00e9 avec des partenaires de l&rsquo;\u00e9conomie et des hautes \u00e9coles sp\u00e9cialis\u00e9es pour d\u00e9velopper des proc\u00e9d\u00e9s destin\u00e9s \u00e0 une utilisation industrielle. Ce savoir-faire acquis par lui et son \u00e9quipe &#8211; ainsi que celui de ses anciens sup\u00e9rieurs et pr\u00e9d\u00e9cesseurs -, il le mettait volontiers \u00e0 la disposition de ses clients.<\/p>\n<\/div><\/section><\/div><\/div><\/div><\/div><!-- close content main div --><\/div><\/div><div id='av_section_5'  class='avia-section av-mpub3-ad90f1ce9c52dc134fd39b65ffa1fcdf main_color avia-section-default avia-no-border-styling  avia-builder-el-14  el_after_av_section  avia-builder-el-last  avia-bg-style-scroll container_wrap fullsize'  ><div class='container av-section-cont-open' ><div class='template-page content  av-content-full alpha units'><div class='post-entry post-entry-type-page post-entry-876'><div class='entry-content-wrapper clearfix'>\n<div  class='flex_column av-ftpfr-964a9cf5c9f74d51e110eb85ddf2e0f7 av_one_fourth  avia-builder-el-15  el_before_av_three_fourth  avia-builder-el-first  first flex_column_div  '     ><style type=\"text\/css\" data-created_by=\"avia_inline_auto\" id=\"style-css-av-lkgqr1bu-dd272ea682073c90d46912b9cb4a4d73\">\n.avia-image-container.av-lkgqr1bu-dd272ea682073c90d46912b9cb4a4d73 img.avia_image{\nbox-shadow:none;\n}\n.avia-image-container.av-lkgqr1bu-dd272ea682073c90d46912b9cb4a4d73 .av-image-caption-overlay-center{\ncolor:#ffffff;\n}\n<\/style>\n<div  class='avia-image-container av-lkgqr1bu-dd272ea682073c90d46912b9cb4a4d73 av-styling- avia-align-center  avia-builder-el-16  avia-builder-el-no-sibling '   itemprop=\"image\" itemscope=\"itemscope\" itemtype=\"https:\/\/schema.org\/ImageObject\" ><div class=\"avia-image-container-inner\"><div class=\"avia-image-overlay-wrap\"><img alt=\"\" decoding=\"async\" alt=\"\" fetchpriority=\"high\" class='wp-image-769 avia-img-lazy-loading-not-769 avia_image ' src=\"https:\/\/www.maceng.de\/wp-content\/uploads\/2023\/07\/Barbara_Wiehage_web_200.png\" alt='' title='Barbara_Wiehage_web_200'  height=\"200\" width=\"200\"  itemprop=\"thumbnailUrl\" srcset=\"https:\/\/www.maceng.de\/wp-content\/uploads\/2023\/07\/Barbara_Wiehage_web_200.png 200w, https:\/\/www.maceng.de\/wp-content\/uploads\/2023\/07\/Barbara_Wiehage_web_200-80x80.png 80w, https:\/\/www.maceng.de\/wp-content\/uploads\/2023\/07\/Barbara_Wiehage_web_200-36x36.png 36w, https:\/\/www.maceng.de\/wp-content\/uploads\/2023\/07\/Barbara_Wiehage_web_200-180x180.png 180w\" sizes=\"(max-width: 200px) 100vw, 200px\" \/><\/div><\/div><\/div><\/div><div  class='flex_column av-7y7f3-20b0fa3dc906ed04147fd9c8d19867c9 av_three_fourth  avia-builder-el-17  el_after_av_one_fourth  avia-builder-el-last  flex_column_div  '     ><section  class='av_textblock_section av-lkgqrvp8-15ca43b5db3084118147c26038bacaad '   itemscope=\"itemscope\" itemtype=\"https:\/\/schema.org\/CreativeWork\" ><div class='avia_textblock'  itemprop=\"text\" ><h2>Barbara Wiehage | Traductrice dipl\u00f4m\u00e9e | Interpr\u00e8te dipl\u00f4m\u00e9e<\/h2>\n<p>Barbara Wiehage a \u00e9tudi\u00e9 la traduction et l&rsquo;interpr\u00e9tation au Centre des Sciences Humaines de l&rsquo;Universit\u00e9 des Sciences Appliqu\u00e9es de Cologne. Elle a ensuite travaill\u00e9 comme secr\u00e9taire dans un projet international de l&rsquo;industrie a\u00e9ronautique. Depuis 1988, elle est traductrice asserment\u00e9e de documents officiels et interpr\u00e8te judiciaire asserment\u00e9e pour les langues fran\u00e7aise et espagnole. Pendant de nombreuses ann\u00e9es, elle a travaill\u00e9 en tant que traductrice ind\u00e9pendante.<\/p>\n<p>Apr\u00e8s avoir occup\u00e9 de nombreux postes professionnels dans de grands groupes, des entreprises de taille moyenne et en tant que freelance ind\u00e9pendante, Barbara Wiehage met ses connaissances administratives, organisationnelles et linguistiques au service de MAC GmbH Allemagne depuis 2023 afin de permettre \u00e0 la direction de se concentrer sur ses comp\u00e9tences cl\u00e9s.<\/p>\n<\/div><\/section><\/div><\/p>\n","protected":false},"excerpt":{"rendered":"","protected":false},"author":1,"featured_media":0,"parent":0,"menu_order":0,"comment_status":"closed","ping_status":"closed","template":"","meta":{"_seopress_robots_primary_cat":"","_seopress_titles_title":"","_seopress_titles_desc":"","_seopress_robots_index":"","_bbp_topic_count":0,"_bbp_reply_count":0,"_bbp_total_topic_count":0,"_bbp_total_reply_count":0,"_bbp_voice_count":0,"_bbp_anonymous_reply_count":0,"_bbp_topic_count_hidden":0,"_bbp_reply_count_hidden":0,"_bbp_forum_subforum_count":0,"footnotes":""},"class_list":["post-876","page","type-page","status-publish","hentry"],"_links":{"self":[{"href":"https:\/\/www.maceng.de\/fr\/wp-json\/wp\/v2\/pages\/876","targetHints":{"allow":["GET"]}}],"collection":[{"href":"https:\/\/www.maceng.de\/fr\/wp-json\/wp\/v2\/pages"}],"about":[{"href":"https:\/\/www.maceng.de\/fr\/wp-json\/wp\/v2\/types\/page"}],"author":[{"embeddable":true,"href":"https:\/\/www.maceng.de\/fr\/wp-json\/wp\/v2\/users\/1"}],"replies":[{"embeddable":true,"href":"https:\/\/www.maceng.de\/fr\/wp-json\/wp\/v2\/comments?post=876"}],"version-history":[{"count":21,"href":"https:\/\/www.maceng.de\/fr\/wp-json\/wp\/v2\/pages\/876\/revisions"}],"predecessor-version":[{"id":2442,"href":"https:\/\/www.maceng.de\/fr\/wp-json\/wp\/v2\/pages\/876\/revisions\/2442"}],"wp:attachment":[{"href":"https:\/\/www.maceng.de\/fr\/wp-json\/wp\/v2\/media?parent=876"}],"curies":[{"name":"wp","href":"https:\/\/api.w.org\/{rel}","templated":true}]}}