{"id":923,"date":"2023-07-21T11:17:31","date_gmt":"2023-07-21T09:17:31","guid":{"rendered":"https:\/\/www.maceng.de\/acerca-de-nosotros\/"},"modified":"2023-11-07T16:04:06","modified_gmt":"2023-11-07T15:04:06","slug":"acerca-de-nosotros","status":"publish","type":"page","link":"https:\/\/www.maceng.de\/es\/acerca-de-nosotros\/","title":{"rendered":"Acerca de nosotros"},"content":{"rendered":"\n<style type=\"text\/css\" data-created_by=\"avia_inline_auto\" id=\"style-css-av-lnt403pu-5022ef2ff26ba7d8c2861e67e7195c33\">\n.avia-section.av-lnt403pu-5022ef2ff26ba7d8c2861e67e7195c33{\nbackground-repeat:no-repeat;\nbackground-image:url(https:\/\/www.maceng.de\/wp-content\/uploads\/2023\/10\/MAC-Gmbh-Foto-11.jpg);\nbackground-position:50% 50%;\nbackground-attachment:fixed;\n}\n<\/style>\n<div id='av_section_1'  class='avia-section av-lnt403pu-5022ef2ff26ba7d8c2861e67e7195c33 main_color avia-section-default avia-no-border-styling  avia-builder-el-0  el_before_av_section  avia-builder-el-first  avia-full-stretch avia-bg-style-fixed av-minimum-height av-minimum-height-50 av-height-50  container_wrap fullsize'  data-section-bg-repeat='stretch' data-av_minimum_height_pc='50' data-av_min_height_opt='50'><div class='container av-section-cont-open' ><main  role=\"main\" itemprop=\"mainContentOfPage\"  class='template-page content  av-content-full alpha units'><div class='post-entry post-entry-type-page post-entry-923'><div class='entry-content-wrapper clearfix'>\n<\/div><\/div><\/main><!-- close content main element --><\/div><\/div>\n<style type=\"text\/css\" data-created_by=\"avia_inline_auto\" id=\"style-css-av-1qxu3-7cd384d24687dd0d66e6de798f34074d\">\n.avia-section.av-1qxu3-7cd384d24687dd0d66e6de798f34074d{\nbackground-color:#2d5c88;\nbackground:linear-gradient( to bottom, #2d5c88, #007ac3 );\n}\n<\/style>\n<div id='av_section_2'  class='avia-section av-1qxu3-7cd384d24687dd0d66e6de798f34074d main_color avia-section-large avia-no-border-styling  avia-builder-el-1  el_after_av_section  el_before_av_section  avia-bg-style-scroll container_wrap fullsize'  ><div class='container av-section-cont-open' ><div class='template-page content  av-content-full alpha units'><div class='post-entry post-entry-type-page post-entry-923'><div class='entry-content-wrapper clearfix'>\n<div  class='flex_column av-xnfr-7739d78633b1999d325dacbb7db6f6d8 av_one_full  avia-builder-el-2  avia-builder-el-no-sibling  first flex_column_div  '     ><style type=\"text\/css\" data-created_by=\"avia_inline_auto\" id=\"style-css-av-lkgq8xih-7633d309daf4bd28531db2481d50ed44\">\n#top .av-special-heading.av-lkgq8xih-7633d309daf4bd28531db2481d50ed44{\npadding-bottom:10px;\ncolor:#ffffff;\n}\nbody .av-special-heading.av-lkgq8xih-7633d309daf4bd28531db2481d50ed44 .av-special-heading-tag .heading-char{\nfont-size:25px;\n}\n#top #wrap_all .av-special-heading.av-lkgq8xih-7633d309daf4bd28531db2481d50ed44 .av-special-heading-tag{\npadding:0 0 10px 0;\n}\n.av-special-heading.av-lkgq8xih-7633d309daf4bd28531db2481d50ed44 .special-heading-inner-border{\nborder-color:#ffffff;\n}\n.av-special-heading.av-lkgq8xih-7633d309daf4bd28531db2481d50ed44 .av-subheading{\nfont-size:24px;\n}\n<\/style>\n<div  class='av-special-heading av-lkgq8xih-7633d309daf4bd28531db2481d50ed44 av-special-heading-h1 custom-color-heading blockquote modern-quote modern-centered  avia-builder-el-3  avia-builder-el-no-sibling '><h1 class='av-special-heading-tag '  itemprop=\"headline\"  >ACERCA DE NOSOTROS<\/h1><div class=\"special-heading-border\"><div class=\"special-heading-inner-border\"><\/div><\/div><\/div><\/div>\n\n<\/div><\/div><\/div><!-- close content main div --><\/div><\/div><div id='av_section_3'  class='avia-section av-1a06v-9ae91bc81b293530c84bd685fc24b164 main_color avia-section-default avia-no-border-styling  avia-builder-el-4  el_after_av_section  avia-builder-el-last  avia-bg-style-scroll container_wrap fullsize'  ><div class='container av-section-cont-open' ><div class='template-page content  av-content-full alpha units'><div class='post-entry post-entry-type-page post-entry-923'><div class='entry-content-wrapper clearfix'>\n<div  class='flex_column av-10ogr-03e7843d57ce77d83222f0d0a5034d41 av_one_full  avia-builder-el-5  avia-builder-el-no-sibling  first flex_column_div  '     ><section  class='av_textblock_section av-lkgqcbwx-c59eedc5309717ec786761ed6a2a236e '   itemscope=\"itemscope\" itemtype=\"https:\/\/schema.org\/CreativeWork\" ><div class='avia_textblock'  itemprop=\"text\" ><p>La empresa MAC GmbH fue fundada en 2003 por Markus ALBERT en Suiza. En el desarrollo de la empresa, \u00e9sta fue ampliada por MAC GmbH en Alemania. Los muchos a\u00f1os de cooperaci\u00f3n entre Markus ALBERT y Andreas ROLL llevaron a que MAC GmbH 2023 continuara en un acuerdo de sucesi\u00f3n como \u201cMAC GmbH Deutschland\u201d por Andreas ROLL.<\/p>\n<p>Un equipo de expertos y especialistas seleccionados y altamente experimentados se dedica a proyectos selectos y exigentes de la industria de la ingenier\u00eda mec\u00e1nica y la fundici\u00f3n en todo el mundo. Nuestros elevados est\u00e1ndares de calidad y nuestra enorme experiencia en las industrias de fundici\u00f3n, forja e ingenier\u00eda mec\u00e1nica nos convierten en un socio fiable y \u00fanico en todo el mundo para los diversos retos del futuro.<\/p>\n<p>Los propietarios y empleados de MAC GmbH conceden gran importancia a una colaboraci\u00f3n profesional y cooperativa. Por ello, como cliente nuestro, usted es una parte esencial del equipo conjunto del proyecto. Nuestros equipos se re\u00fanen individualmente en funci\u00f3n de las especificaciones de cada proyecto, de forma que se disponga de los conocimientos adecuados en el lugar adecuado y en el momento oportuno.<\/p>\n<p>Los muchos a\u00f1os de utilizaci\u00f3n de nuestra experiencia en proyectos a escala mundial nos permiten tener una muy buena visi\u00f3n de mercado de los fabricantes y proveedores de instalaciones y m\u00e1quinas, as\u00ed como de materias primas y auxiliares. Nuestra absoluta independencia de los proveedores garantiza unos resultados \u00f3ptimos de los proyectos y una b\u00fasqueda flexible de soluciones. Gracias a la cooperaci\u00f3n transparente y excelente con los mejores proveedores, encontramos la soluci\u00f3n t\u00e9cnicamente mejor y econ\u00f3micamente \u00f3ptima para cada proyecto.<\/p>\n<p>Por ello, tambi\u00e9n colaboramos con reconocidas universidades de ciencias aplicadas en proyectos seleccionados para desarrollar tecnolog\u00edas innovadoras y encontrar nuevos enfoques de soluciones, de modo que tambi\u00e9n estemos preparados para retos futuros como la Industria 4.0. En los \u00faltimos a\u00f1os, hemos llevado a cabo los siguientes proyectos con la Universidad T\u00e9cnica \u201cBergakademie Freiberg\u201d en Sajonia (Alemania) y la Universidad de Ciencias Aplicadas del Noroeste de Suiza:<\/p>\n<ul>\n<li>Sensor para medir los valores de arena para arenas aglomeradas con bentonita, directamente en la placa patr\u00f3n y en el proceso de moldeo, lo que permite una respuesta directa al mezclador de arena para la siguiente mezcla de arena<\/li>\n<li>Fundici\u00f3n de piezas moldeadas de pared delgada de aluminio y acero para componentes especiales con espesores de pared de 2,5 a 3,5 mm en aluminio y de 1,8 a 3,5 mm en acero<\/li>\n<li>Reducci\u00f3n del tiempo de enfriamiento de las piezas fundidas de 1 a 120 t en un 50% durante la solidificaci\u00f3n y el enfriamiento, con lo que se reducen\/evitan las operaciones de recocido<\/li>\n<\/ul>\n<p>Nos gusta tomar caminos poco convencionales y tambi\u00e9n aceptar retos inusuales para que su proyecto pueda hacerse realidad.<\/p>\n<\/div><\/section><\/div>\n\n","protected":false},"excerpt":{"rendered":"","protected":false},"author":1,"featured_media":0,"parent":0,"menu_order":0,"comment_status":"closed","ping_status":"closed","template":"","meta":{"_seopress_robots_primary_cat":"","_seopress_titles_title":"","_seopress_titles_desc":"","_seopress_robots_index":"","_bbp_topic_count":0,"_bbp_reply_count":0,"_bbp_total_topic_count":0,"_bbp_total_reply_count":0,"_bbp_voice_count":0,"_bbp_anonymous_reply_count":0,"_bbp_topic_count_hidden":0,"_bbp_reply_count_hidden":0,"_bbp_forum_subforum_count":0,"footnotes":""},"class_list":["post-923","page","type-page","status-publish","hentry"],"_links":{"self":[{"href":"https:\/\/www.maceng.de\/es\/wp-json\/wp\/v2\/pages\/923","targetHints":{"allow":["GET"]}}],"collection":[{"href":"https:\/\/www.maceng.de\/es\/wp-json\/wp\/v2\/pages"}],"about":[{"href":"https:\/\/www.maceng.de\/es\/wp-json\/wp\/v2\/types\/page"}],"author":[{"embeddable":true,"href":"https:\/\/www.maceng.de\/es\/wp-json\/wp\/v2\/users\/1"}],"replies":[{"embeddable":true,"href":"https:\/\/www.maceng.de\/es\/wp-json\/wp\/v2\/comments?post=923"}],"version-history":[{"count":4,"href":"https:\/\/www.maceng.de\/es\/wp-json\/wp\/v2\/pages\/923\/revisions"}],"predecessor-version":[{"id":1756,"href":"https:\/\/www.maceng.de\/es\/wp-json\/wp\/v2\/pages\/923\/revisions\/1756"}],"wp:attachment":[{"href":"https:\/\/www.maceng.de\/es\/wp-json\/wp\/v2\/media?parent=923"}],"curies":[{"name":"wp","href":"https:\/\/api.w.org\/{rel}","templated":true}]}}