{"id":892,"date":"2023-07-21T18:20:53","date_gmt":"2023-07-21T16:20:53","guid":{"rendered":"https:\/\/www.maceng.de\/consultoria-y-asesoramiento\/"},"modified":"2025-04-24T09:43:53","modified_gmt":"2025-04-24T07:43:53","slug":"consultoria-y-asesoramiento","status":"publish","type":"page","link":"https:\/\/www.maceng.de\/es\/consultoria-y-asesoramiento\/","title":{"rendered":"Consultor\u00eda"},"content":{"rendered":"\n<style type=\"text\/css\" data-created_by=\"avia_inline_auto\" id=\"style-css-av-lnt3lavr-d8eb5bb15c2f8ae7df18ddfe509ea7ee\">\n.avia-section.av-lnt3lavr-d8eb5bb15c2f8ae7df18ddfe509ea7ee{\nbackground-repeat:no-repeat;\nbackground-image:url(https:\/\/www.maceng.de\/wp-content\/uploads\/2023\/10\/MAC-Gmbh-Foto-09.jpg);\nbackground-position:50% 50%;\nbackground-attachment:fixed;\n}\n<\/style>\n<div id='av_section_1'  class='avia-section av-lnt3lavr-d8eb5bb15c2f8ae7df18ddfe509ea7ee main_color avia-section-default avia-no-border-styling  avia-builder-el-0  el_before_av_section  avia-builder-el-first  avia-full-stretch avia-bg-style-fixed av-minimum-height av-minimum-height-50 av-height-50  container_wrap fullsize'  data-section-bg-repeat='stretch' data-av_minimum_height_pc='50' data-av_min_height_opt='50'><div class='container av-section-cont-open' ><main  role=\"main\" itemprop=\"mainContentOfPage\"  class='template-page content  av-content-full alpha units'><div class='post-entry post-entry-type-page post-entry-892'><div class='entry-content-wrapper clearfix'>\n<\/div><\/div><\/main><!-- close content main element --><\/div><\/div>\n<style type=\"text\/css\" data-created_by=\"avia_inline_auto\" id=\"style-css-av-1gx3w-04f8756eeaf1c55c7c4d8d1d20197a65\">\n.avia-section.av-1gx3w-04f8756eeaf1c55c7c4d8d1d20197a65{\nbackground-color:#2d5c88;\nbackground:linear-gradient( to bottom, #2d5c88, #007ac3 );\n}\n<\/style>\n<div id='av_section_2'  class='avia-section av-1gx3w-04f8756eeaf1c55c7c4d8d1d20197a65 main_color avia-section-large avia-no-border-styling  avia-builder-el-1  el_after_av_section  el_before_av_section  avia-bg-style-scroll container_wrap fullsize'  ><div class='container av-section-cont-open' ><div class='template-page content  av-content-full alpha units'><div class='post-entry post-entry-type-page post-entry-892'><div class='entry-content-wrapper clearfix'>\n\n<style type=\"text\/css\" data-created_by=\"avia_inline_auto\" id=\"style-css-av-7oept-8588095fdb6af9b4a3db364d6f24596a\">\n#top .av-special-heading.av-7oept-8588095fdb6af9b4a3db364d6f24596a{\npadding-bottom:10px;\ncolor:#ffffff;\n}\nbody .av-special-heading.av-7oept-8588095fdb6af9b4a3db364d6f24596a .av-special-heading-tag .heading-char{\nfont-size:25px;\n}\n.av-special-heading.av-7oept-8588095fdb6af9b4a3db364d6f24596a .special-heading-inner-border{\nborder-color:#ffffff;\n}\n.av-special-heading.av-7oept-8588095fdb6af9b4a3db364d6f24596a .av-subheading{\nfont-size:15px;\n}\n<\/style>\n<div  class='av-special-heading av-7oept-8588095fdb6af9b4a3db364d6f24596a av-special-heading-h1 custom-color-heading blockquote modern-quote modern-centered  avia-builder-el-2  avia-builder-el-no-sibling '><h1 class='av-special-heading-tag '  itemprop=\"headline\"  >Asesoramiento y consultor\u00eda de fundici\u00f3n<\/h1><div class=\"special-heading-border\"><div class=\"special-heading-inner-border\"><\/div><\/div><\/div>\n<\/div><\/div><\/div><!-- close content main div --><\/div><\/div><div id='av_section_3'  class='avia-section av-lcoxt-b4cafb09a05022b6b2a218ed9b081c15 main_color avia-section-default avia-no-border-styling  avia-builder-el-3  el_after_av_section  avia-builder-el-last  avia-bg-style-scroll container_wrap fullsize'  ><div class='container av-section-cont-open' ><div class='template-page content  av-content-full alpha units'><div class='post-entry post-entry-type-page post-entry-892'><div class='entry-content-wrapper clearfix'>\n<div  class='flex_column av-ffvo9-33a61c9ac65b059ab122e74be4e7797a av_one_full  avia-builder-el-4  el_before_av_one_full  avia-builder-el-first  first flex_column_div  '     ><style type=\"text\/css\" data-created_by=\"avia_inline_auto\" id=\"style-css-av-lnt3mh4r-76ec6677c026bae1c42c666fbbf8b9b5\">\n#top .av-special-heading.av-lnt3mh4r-76ec6677c026bae1c42c666fbbf8b9b5{\npadding-bottom:10px;\n}\nbody .av-special-heading.av-lnt3mh4r-76ec6677c026bae1c42c666fbbf8b9b5 .av-special-heading-tag .heading-char{\nfont-size:25px;\n}\n.av-special-heading.av-lnt3mh4r-76ec6677c026bae1c42c666fbbf8b9b5 .av-subheading{\nfont-size:15px;\n}\n<\/style>\n<div  class='av-special-heading av-lnt3mh4r-76ec6677c026bae1c42c666fbbf8b9b5 av-special-heading-h2 blockquote modern-quote modern-centered  avia-builder-el-5  avia-builder-el-no-sibling '><h2 class='av-special-heading-tag '  itemprop=\"headline\"  >Algunas cosas simplemente se pueden aclarar mejor en una conversaci\u00f3n.<\/h2><div class=\"special-heading-border\"><div class=\"special-heading-inner-border\"><\/div><\/div><\/div><\/div><div  class='flex_column av-zb11l-d624de30c40adf1aa03c53f51dee1c52 av_one_full  avia-builder-el-6  el_after_av_one_full  avia-builder-el-last  first flex_column_div  column-top-margin'     ><section  class='av_textblock_section av-lkcttwnc-170e9e71852ba7b75f6f3d5eedd33b29 '   itemscope=\"itemscope\" itemtype=\"https:\/\/schema.org\/CreativeWork\" ><div class='avia_textblock'  itemprop=\"text\" ><ul>\n<li>Posibles auditor\u00edas a nivel de taller \/ basadas en puntos de referencia<\/li>\n<li>Estudios comparativos<\/li>\n<li>Diligencia debida t\u00e9cnica<\/li>\n<li>Mejoras de procesos basadas en la Industria 3.0 y 4.0, incluida la evaluaci\u00f3n<\/li>\n<li>Evaluaciones de socios, objetivos y ubicaciones<\/li>\n<li>Auditor\u00edas tecnol\u00f3gicas<\/li>\n<li>Valoraciones de empresas<\/li>\n<li>Gesti\u00f3n provisional (procesos de fundici\u00f3n, forja e ingenier\u00eda, as\u00ed como mantenimiento puntual y operativo)<\/li>\n<li>Planificaci\u00f3n en todas las \u00e1reas de la industria de fundici\u00f3n y forja<\/li>\n<li>Fundici\u00f3n, forja e ingenier\u00eda mec\u00e1nica (procesos de fundici\u00f3n, acero, aluminio y aleaciones de cobre)<\/li>\n<li>Optimizaci\u00f3n de procesos (procesos de fundici\u00f3n, forja e ingenier\u00eda mec\u00e1nica)<\/li>\n<li>Asesoramiento en fundici\u00f3n para materiales de aluminio, hierro fundido, acero y cobre<\/li>\n<li>Apoyo metal\u00fargico para materiales de aluminio, hierro fundido, acero, cobre y aleaciones especiales (fundiciones refrigeradas, aceros especiales, construcciones especiales, etc.)<\/li>\n<li>Planificaci\u00f3n y gesti\u00f3n de proyectos para el mantenimiento puntual y operativo<\/li>\n<li>Planificaci\u00f3n y gesti\u00f3n de proyectos en todas las \u00e1reas anteriores y posteriores de los procesos de fundici\u00f3n, forja e ingenier\u00eda mec\u00e1nica<\/li>\n<li>Herramienta de planificaci\u00f3n profesional para la planificaci\u00f3n de proyectos, la gesti\u00f3n del tiempo y el resumen de costes<\/li>\n<\/ul>\n<\/div><\/section><br \/>\n\n<style type=\"text\/css\" data-created_by=\"avia_inline_auto\" id=\"style-css-av-dukeh-4e089737db0dcd0d2dfb4f0f2339cbd3\">\n#top .hr.hr-invisible.av-dukeh-4e089737db0dcd0d2dfb4f0f2339cbd3{\nheight:30px;\n}\n<\/style>\n<div  class='hr av-dukeh-4e089737db0dcd0d2dfb4f0f2339cbd3 hr-invisible  avia-builder-el-8  el_after_av_textblock  el_before_av_button '><span class='hr-inner '><span class=\"hr-inner-style\"><\/span><\/span><\/div><br \/>\n<div  class='avia-button-wrap av-wtfd-58510d1d2c02260de28d57543c835c26-wrap avia-button-center  avia-builder-el-9  el_after_av_hr  avia-builder-el-last '>\n<style type=\"text\/css\" data-created_by=\"avia_inline_auto\" id=\"style-css-av-wtfd-58510d1d2c02260de28d57543c835c26\">\n#top #wrap_all .avia-button.av-wtfd-58510d1d2c02260de28d57543c835c26{\nfont-size:18px;\nbackground-color:#007cc3;\nbackground:linear-gradient( to bottom, #007cc3, #2d5c88 );\ntransition:all 0.4s ease-in-out;\n}\n#top #wrap_all .avia-button.av-wtfd-58510d1d2c02260de28d57543c835c26:hover{\nopacity:0.9;\ncolor:white;\ntransition:all 0.4s ease-in-out;\n}\n#top #wrap_all .avia-button.av-wtfd-58510d1d2c02260de28d57543c835c26:hover .avia-svg-icon svg:first-child{\nfill:white;\nstroke:white;\n}\n<\/style>\n<a href='https:\/\/www.maceng.de\/es\/contactenos\/'  class='avia-button av-wtfd-58510d1d2c02260de28d57543c835c26 av-link-btn avia-icon_select-yes-right-icon avia-size-large avia-position-center av-icon-on-hover avia-font-color-theme-color'   aria-label=\"Cont\u00e1ctenos\"><span class='avia_iconbox_title' >Cont\u00e1ctenos<\/span><span class='avia_button_icon avia_button_icon_right avia-iconfont avia-font-entypo-fontello' data-av_icon='\ue879' data-av_iconfont='entypo-fontello' ><\/span><\/a><\/div><\/p><\/div><\/p>\n","protected":false},"excerpt":{"rendered":"","protected":false},"author":1,"featured_media":0,"parent":0,"menu_order":0,"comment_status":"closed","ping_status":"closed","template":"","meta":{"_seopress_robots_primary_cat":"","_seopress_titles_title":"Consultor\u00eda de Fundici\u00f3n | MAC GmbH","_seopress_titles_desc":"Fundici\u00f3n, forja e ingenier\u00eda mec\u00e1nica (procesos de fundici\u00f3n, acero, aluminio y aleaciones de cobre)","_seopress_robots_index":"","_bbp_topic_count":0,"_bbp_reply_count":0,"_bbp_total_topic_count":0,"_bbp_total_reply_count":0,"_bbp_voice_count":0,"_bbp_anonymous_reply_count":0,"_bbp_topic_count_hidden":0,"_bbp_reply_count_hidden":0,"_bbp_forum_subforum_count":0,"footnotes":""},"class_list":["post-892","page","type-page","status-publish","hentry"],"_links":{"self":[{"href":"https:\/\/www.maceng.de\/es\/wp-json\/wp\/v2\/pages\/892","targetHints":{"allow":["GET"]}}],"collection":[{"href":"https:\/\/www.maceng.de\/es\/wp-json\/wp\/v2\/pages"}],"about":[{"href":"https:\/\/www.maceng.de\/es\/wp-json\/wp\/v2\/types\/page"}],"author":[{"embeddable":true,"href":"https:\/\/www.maceng.de\/es\/wp-json\/wp\/v2\/users\/1"}],"replies":[{"embeddable":true,"href":"https:\/\/www.maceng.de\/es\/wp-json\/wp\/v2\/comments?post=892"}],"version-history":[{"count":12,"href":"https:\/\/www.maceng.de\/es\/wp-json\/wp\/v2\/pages\/892\/revisions"}],"predecessor-version":[{"id":2497,"href":"https:\/\/www.maceng.de\/es\/wp-json\/wp\/v2\/pages\/892\/revisions\/2497"}],"wp:attachment":[{"href":"https:\/\/www.maceng.de\/es\/wp-json\/wp\/v2\/media?parent=892"}],"curies":[{"name":"wp","href":"https:\/\/api.w.org\/{rel}","templated":true}]}}