{"id":2182,"date":"2024-01-03T14:00:23","date_gmt":"2024-01-03T13:00:23","guid":{"rendered":"https:\/\/www.maceng.de\/giessereiengineering\/"},"modified":"2024-01-25T10:43:03","modified_gmt":"2024-01-25T09:43:03","slug":"giessereiengineering","status":"publish","type":"page","link":"https:\/\/www.maceng.de\/es\/giessereiengineering\/","title":{"rendered":"GiessereiEngineering"},"content":{"rendered":"\n<style type=\"text\/css\" data-created_by=\"avia_inline_auto\" id=\"style-css-av-54146u-3a632760d5412bd8a378b55103e9c52f\">\n.avia-section.av-54146u-3a632760d5412bd8a378b55103e9c52f{\nbackground-color:#2d5c88;\nbackground:linear-gradient( to bottom, #2d5c88, #007ac3 );\n}\n<\/style>\n<div id='av_section_1'  class='avia-section av-54146u-3a632760d5412bd8a378b55103e9c52f main_color avia-section-large avia-no-border-styling  avia-builder-el-0  el_before_av_section  avia-builder-el-first  avia-bg-style-scroll container_wrap fullsize'  ><div class='container av-section-cont-open' ><main  role=\"main\" itemprop=\"mainContentOfPage\"  class='template-page content  av-content-full alpha units'><div class='post-entry post-entry-type-page post-entry-2182'><div class='entry-content-wrapper clearfix'>\n<div  class='flex_column av-1cloa9i-7b2cf23a038feefece4c43ca1bbe3baa av_one_full  avia-builder-el-1  avia-builder-el-no-sibling  first flex_column_div  '     ><style type=\"text\/css\" data-created_by=\"avia_inline_auto\" id=\"style-css-av-lnt33eyy-ce49070ff326c26a5d702d3e4df16f4a\">\n#top .av-special-heading.av-lnt33eyy-ce49070ff326c26a5d702d3e4df16f4a{\npadding-bottom:10px;\ncolor:#ffffff;\n}\nbody .av-special-heading.av-lnt33eyy-ce49070ff326c26a5d702d3e4df16f4a .av-special-heading-tag .heading-char{\nfont-size:25px;\n}\n#top #wrap_all .av-special-heading.av-lnt33eyy-ce49070ff326c26a5d702d3e4df16f4a .av-special-heading-tag{\npadding:0 0 10px 0;\n}\n.av-special-heading.av-lnt33eyy-ce49070ff326c26a5d702d3e4df16f4a .special-heading-inner-border{\nborder-color:#ffffff;\n}\n.av-special-heading.av-lnt33eyy-ce49070ff326c26a5d702d3e4df16f4a .av-subheading{\nfont-size:24px;\n}\n<\/style>\n<div  class='av-special-heading av-lnt33eyy-ce49070ff326c26a5d702d3e4df16f4a av-special-heading-h1 custom-color-heading blockquote modern-quote modern-centered  avia-builder-el-2  avia-builder-el-no-sibling '><h1 class='av-special-heading-tag '  itemprop=\"headline\"  >GiessereiEngineering GmbH<\/h1><div class=\"special-heading-border\"><div class=\"special-heading-inner-border\"><\/div><\/div><\/div><\/div>\n\n<\/div><\/div><\/main><!-- close content main element --><\/div><\/div><div id='av_section_2'  class='avia-section av-1awlfba-6432007c08751e9d5438ff14e7967a37 main_color avia-section-default avia-no-border-styling  avia-builder-el-3  el_after_av_section  avia-builder-el-last  avia-bg-style-scroll container_wrap fullsize'  ><div class='container av-section-cont-open' ><div class='template-page content  av-content-full alpha units'><div class='post-entry post-entry-type-page post-entry-2182'><div class='entry-content-wrapper clearfix'>\n<div  id=\"technologie\"  class='flex_column av-17jz05i-ac09b3e40c07371573f2c8376b09c63e av_one_full  avia-builder-el-4  avia-builder-el-no-sibling  first flex_column_div  '     ><p><section  class='av_textblock_section av-lkcs8yxi-ce6739eb207586a48589dd97600cb7f3 '   itemscope=\"itemscope\" itemtype=\"https:\/\/schema.org\/CreativeWork\" ><div class='avia_textblock'  itemprop=\"text\" ><p><img alt=\"\" loading=\"lazy\" decoding=\"async\" class=\"size-medium wp-image-2100 alignright\" src=\"https:\/\/www.maceng.de\/wp-content\/uploads\/2024\/01\/giesserei-engineering_gmbh-300x64.jpg\" alt=\"\" width=\"300\" height=\"64\" srcset=\"https:\/\/www.maceng.de\/wp-content\/uploads\/2024\/01\/giesserei-engineering_gmbh-300x64.jpg 300w, https:\/\/www.maceng.de\/wp-content\/uploads\/2024\/01\/giesserei-engineering_gmbh-768x165.jpg 768w, https:\/\/www.maceng.de\/wp-content\/uploads\/2024\/01\/giesserei-engineering_gmbh-705x151.jpg 705w, https:\/\/www.maceng.de\/wp-content\/uploads\/2024\/01\/giesserei-engineering_gmbh.jpg 1024w\" sizes=\"auto, (max-width: 300px) 100vw, 300px\" \/><\/p>\n<p>GIESSEREI ENGINEERING GmbH &#8211; Servicio de un molde \u00fanico.<\/p>\n<p>Markus Albert y su equipo de MAC GmbH en Suiza y Andreas Roll de GiessereiEngineering GmbH en Alemania llevan m\u00e1s de 15 a\u00f1os trabajando juntos. Ambas empresas se han complementado perfectamente en muchos proyectos y han sido capaces de ofrecer a sus clientes un trabajo de calidad. La forma de entender los proyectos y de organizar la cooperaci\u00f3n con los clientes era id\u00e9ntica. La colaboraci\u00f3n culmin\u00f3 con la continuaci\u00f3n de la empresa como MAC GmbH Deutschland por parte de Andreas Roll en 2023. Esto significa que ahora se combinan los conocimientos y la experiencia de MAC GmbH y GiessereiEngineering GmbH.<\/p>\n<\/div><\/section><br \/>\n\n<style type=\"text\/css\" data-created_by=\"avia_inline_auto\" id=\"style-css-av-15krrx2-6451902c7bdb44c35422c4bef7848d0b\">\n#top .hr.hr-invisible.av-15krrx2-6451902c7bdb44c35422c4bef7848d0b{\nheight:30px;\n}\n<\/style>\n<div  class='hr av-15krrx2-6451902c7bdb44c35422c4bef7848d0b hr-invisible  avia-builder-el-6  el_after_av_textblock  el_before_av_button '><span class='hr-inner '><span class=\"hr-inner-style\"><\/span><\/span><\/div><br \/>\n<div  class='avia-button-wrap av-1573g5i-c4aa7b2e6a230983fc85482b35ff6431-wrap avia-button-center  avia-builder-el-7  el_after_av_hr  avia-builder-el-last '>\n<style type=\"text\/css\" data-created_by=\"avia_inline_auto\" id=\"style-css-av-1573g5i-c4aa7b2e6a230983fc85482b35ff6431\">\n#top #wrap_all .avia-button.av-1573g5i-c4aa7b2e6a230983fc85482b35ff6431{\nfont-size:18px;\nbackground-color:#007cc3;\nbackground:linear-gradient( to bottom, #007cc3, #2d5c88 );\ntransition:all 0.4s ease-in-out;\n}\n#top #wrap_all .avia-button.av-1573g5i-c4aa7b2e6a230983fc85482b35ff6431:hover{\nopacity:0.9;\ncolor:white;\ntransition:all 0.4s ease-in-out;\n}\n#top #wrap_all .avia-button.av-1573g5i-c4aa7b2e6a230983fc85482b35ff6431:hover .avia-svg-icon svg:first-child{\nfill:white;\nstroke:white;\n}\n<\/style>\n<a href='https:\/\/www.maceng.de\/es\/contactenos\/'  class='avia-button av-1573g5i-c4aa7b2e6a230983fc85482b35ff6431 av-link-btn avia-icon_select-yes-right-icon avia-size-large avia-position-center av-icon-on-hover avia-font-color-theme-color'   aria-label=\"Cont\u00e1ctenos\"><span class='avia_iconbox_title' >Cont\u00e1ctenos<\/span><span class='avia_button_icon avia_button_icon_right avia-iconfont avia-font-entypo-fontello' data-av_icon='\ue879' data-av_iconfont='entypo-fontello' ><\/span><\/a><\/div><\/p><\/div>\n","protected":false},"excerpt":{"rendered":"","protected":false},"author":1,"featured_media":0,"parent":0,"menu_order":0,"comment_status":"closed","ping_status":"closed","template":"","meta":{"_seopress_robots_primary_cat":"","_seopress_titles_title":"","_seopress_titles_desc":"","_seopress_robots_index":"","_bbp_topic_count":0,"_bbp_reply_count":0,"_bbp_total_topic_count":0,"_bbp_total_reply_count":0,"_bbp_voice_count":0,"_bbp_anonymous_reply_count":0,"_bbp_topic_count_hidden":0,"_bbp_reply_count_hidden":0,"_bbp_forum_subforum_count":0,"footnotes":""},"class_list":["post-2182","page","type-page","status-publish","hentry"],"_links":{"self":[{"href":"https:\/\/www.maceng.de\/es\/wp-json\/wp\/v2\/pages\/2182","targetHints":{"allow":["GET"]}}],"collection":[{"href":"https:\/\/www.maceng.de\/es\/wp-json\/wp\/v2\/pages"}],"about":[{"href":"https:\/\/www.maceng.de\/es\/wp-json\/wp\/v2\/types\/page"}],"author":[{"embeddable":true,"href":"https:\/\/www.maceng.de\/es\/wp-json\/wp\/v2\/users\/1"}],"replies":[{"embeddable":true,"href":"https:\/\/www.maceng.de\/es\/wp-json\/wp\/v2\/comments?post=2182"}],"version-history":[{"count":9,"href":"https:\/\/www.maceng.de\/es\/wp-json\/wp\/v2\/pages\/2182\/revisions"}],"predecessor-version":[{"id":2408,"href":"https:\/\/www.maceng.de\/es\/wp-json\/wp\/v2\/pages\/2182\/revisions\/2408"}],"wp:attachment":[{"href":"https:\/\/www.maceng.de\/es\/wp-json\/wp\/v2\/media?parent=2182"}],"curies":[{"name":"wp","href":"https:\/\/api.w.org\/{rel}","templated":true}]}}