{"id":1107,"date":"2023-07-26T16:01:56","date_gmt":"2023-07-26T14:01:56","guid":{"rendered":"https:\/\/www.maceng.de\/politica-de-privacidad\/"},"modified":"2023-07-26T16:01:56","modified_gmt":"2023-07-26T14:01:56","slug":"politica-de-privacidad","status":"publish","type":"page","link":"https:\/\/www.maceng.de\/es\/politica-de-privacidad\/","title":{"rendered":"Pol\u00edtica de privacidad"},"content":{"rendered":"<h1>Pol\u00edtica de privacidad<\/h1>\n<h2>1. La protecci\u00f3n de datos de un vistazo<\/h2>\n<h3>Notas generales<\/h3>\n<p>Los siguientes avisos ofrecen una visi\u00f3n sencilla de lo que ocurre con sus datos personales cuando visita este sitio web. Los datos personales son aquellos que permiten identificarle personalmente. Si desea informaci\u00f3n detallada sobre el tema de la protecci\u00f3n de datos, consulte nuestra declaraci\u00f3n de protecci\u00f3n de datos que figura debajo de este texto.<\/p>\n<h3>Recogida de datos en este sitio web<\/h3>\n<h4>\u00bfQui\u00e9n es responsable de la recogida de datos en este sitio web?<\/h4>\n<p>El tratamiento de datos en este sitio web corre a cargo del operador del mismo. Encontrar\u00e1 sus datos de contacto en la secci\u00f3n \u00abInformaci\u00f3n sobre el organismo responsable\u00bb de esta declaraci\u00f3n de protecci\u00f3n de datos.<\/p>\n<h4>\u00bfC\u00f3mo recogemos sus datos?<\/h4>\n<p>Por una parte, sus datos se recogen cuando usted nos los facilita. Puede tratarse, por ejemplo, de los datos que introduzca en un formulario de contacto.<\/p>\n<p>Nuestros sistemas inform\u00e1ticos recogen otros datos autom\u00e1ticamente o con su consentimiento cuando usted visita el sitio web. Se trata principalmente de datos t\u00e9cnicos (por ejemplo, navegador de Internet, sistema operativo o tiempo de visualizaci\u00f3n de la p\u00e1gina). Estos datos se recogen autom\u00e1ticamente en cuanto usted entra en este sitio web.<\/p>\n<h4>\u00bfPara qu\u00e9 utilizamos sus datos?<\/h4>\n<p>Parte de los datos se recogen para garantizar un funcionamiento sin errores del sitio web. Otros datos pueden utilizarse para analizar su comportamiento como usuario.<\/p>\n<h4>\u00bfQu\u00e9 derechos tiene en relaci\u00f3n con sus datos?<\/h4>\n<p>Tiene derecho a recibir en cualquier momento informaci\u00f3n gratuita sobre el origen, el destinatario y la finalidad de sus datos personales almacenados. Tambi\u00e9n tiene derecho a solicitar la rectificaci\u00f3n o supresi\u00f3n de estos datos. Si ha dado su consentimiento al tratamiento de datos, puede revocarlo en cualquier momento para el futuro. Tambi\u00e9n tiene derecho a solicitar la limitaci\u00f3n del tratamiento de sus datos personales en determinadas circunstancias. Adem\u00e1s, tiene derecho a presentar una reclamaci\u00f3n ante la autoridad de control competente.<\/p>\n<p>Puede ponerse en contacto con nosotros en cualquier momento sobre esta y otras cuestiones relativas a la protecci\u00f3n de datos.<\/p>\n<h2>2. Alojamiento<\/h2>\n<p>Alojamos el contenido de nuestro sitio web con el siguiente proveedor:<\/p>\n<h3>Alojamiento externo<\/h3>\n<p>Este sitio web est\u00e1 alojado externamente. Los datos personales recogidos en este sitio web se almacenan en los servidores de los proveedores de alojamiento. Esto puede incluir, entre otros, direcciones IP, solicitudes de contacto, metadatos y datos de comunicaci\u00f3n, datos contractuales, datos de contacto, nombres, accesos al sitio web y otros datos generados a trav\u00e9s de un sitio web.<\/p>\n<p>Das externe Hosting erfolgt zum Zwecke der Vertragserf\u00fcllung gegen\u00fcber unseren potenziellen und bestehenden Kunden (Art. 6 Abs. 1 lit. b DSGVO) und im Interesse einer sicheren, schnellen und effizienten Bereitstellung unseres Online-Angebots durch einen professionellen Anbieter (Art. 6 Abs. 1 lit. f DSGVO). Si se ha solicitado el correspondiente consentimiento, el tratamiento se lleva a cabo exclusivamente sobre la base del Art. 6 Para. 1 lit. a DSGVO y \u00a7 25 para. 1 TTDSG, en la medida en que el consentimiento incluya el almacenamiento de cookies o el acceso a informaci\u00f3n en el dispositivo terminal del usuario (por ejemplo, huella digital del dispositivo), tal como se define en la TTDSG.    El consentimiento puede revocarse en cualquier momento.<\/p>\n<p>Nuestro(s) proveedor(es) de alojamiento s\u00f3lo tratar\u00e1(n) sus datos en la medida necesaria para cumplir sus obligaciones de ejecuci\u00f3n y seguir nuestras instrucciones en relaci\u00f3n con dichos datos.<\/p>\n<p>Utilizamos los siguientes hosters:<\/p>\n<p>dogado GmbH Antonio-Segni-Strasse 11<\/p>\n<p>D-44263 Dortmund<br \/>\nTel\u00e9fono: +49 (0) 231 \/ 28 66 20 0<br \/>\nhttps:\/\/www.dogado.de\/<\/p>\n<h4>Procesamiento de trabajos<\/h4>\n<p>Hemos celebrado un contrato de tramitaci\u00f3n de pedidos (AVV) para la utilizaci\u00f3n del servicio mencionado. Se trata de un contrato exigido por la ley de protecci\u00f3n de datos, que garantiza que esta empresa s\u00f3lo procesa los datos personales de los visitantes de nuestro sitio web de acuerdo con nuestras instrucciones y en cumplimiento de la DSGVO.<\/p>\n<h2>3 Notas generales e informaci\u00f3n obligatoria<\/h2>\n<h3>Protecci\u00f3n de datos<\/h3>\n<p>Los operadores de estas p\u00e1ginas se toman muy en serio la protecci\u00f3n de sus datos personales. Tratamos sus datos personales de forma confidencial y de acuerdo con la normativa legal de protecci\u00f3n de datos y esta declaraci\u00f3n de protecci\u00f3n de datos.<\/p>\n<p>Cuando usted utiliza este sitio web, se recogen diversos datos personales. Los datos personales son aquellos con los que se le puede identificar personalmente. Esta pol\u00edtica de privacidad explica qu\u00e9 datos recogemos y para qu\u00e9 los utilizamos. Tambi\u00e9n explica c\u00f3mo y para qu\u00e9 se hace.<\/p>\n<p>Nos gustar\u00eda se\u00f1alar que la transmisi\u00f3n de datos en Internet (por ejemplo, la comunicaci\u00f3n por correo electr\u00f3nico) puede presentar lagunas de seguridad. No es posible proteger completamente los datos contra el acceso de terceros.<\/p>\n<h3>Nota sobre el organismo responsable<\/h3>\n<p>El responsable del tratamiento de datos de este sitio web es:<\/p>\n<p>MAC GmbH Deutschland | Consulting and Engineering<br \/>\nMaulbertschstrasse 5\/3<br \/>\nD-88085 Langenargen, Alemania<\/p>\n<p>Tel\u00e9fono: +49 7543 95 30 500<br \/>\nE-mail: info@maceng.de<\/p>\n<p>El responsable del tratamiento es la persona f\u00edsica o jur\u00eddica que, sola o conjuntamente con otras, determina los fines y medios del tratamiento de datos personales (por ejemplo, nombres, direcciones de correo electr\u00f3nico, etc.).<\/p>\n<h3>Periodo de almacenamiento<\/h3>\n<p>A menos que se indique un periodo de almacenamiento m\u00e1s espec\u00edfico en esta pol\u00edtica de privacidad, sus datos personales permanecer\u00e1n con nosotros hasta que deje de aplicarse el prop\u00f3sito para el que fueron tratados. Si hace valer una solicitud justificada de supresi\u00f3n o revoca su consentimiento para el tratamiento de datos, sus datos se suprimir\u00e1n, a menos que tengamos otros motivos legalmente admisibles para almacenar sus datos personales (por ejemplo, periodos de conservaci\u00f3n en virtud de la legislaci\u00f3n fiscal o mercantil); en este \u00faltimo caso, los datos se suprimir\u00e1n una vez que dejen de aplicarse dichos motivos.<\/p>\n<h3>Informaci\u00f3n general sobre la base jur\u00eddica del tratamiento de datos en este sitio web<\/h3>\n<p>Si ha dado su consentimiento para el tratamiento de datos, procesamos sus datos personales sobre la base del Art. 6 para. 1 lit. a DSGVO o Art. 9 para. 2 lit. a DSGVO, en la medida en que se traten categor\u00edas especiales de datos con arreglo al art. 9 para. 1 DSGVO.      Im Falle einer ausdr\u00fccklichen Einwilligung in die \u00dcbertragung personenbezogener Daten in Drittstaaten erfolgt die Datenverarbeitung au\u00dferdem auf Grundlage von Art. 49 Abs. 1 lit. a DSGVO.   Si ha consentido el almacenamiento de cookies o el acceso a la informaci\u00f3n de su dispositivo terminal (por ejemplo, a trav\u00e9s de la huella digital del dispositivo), el tratamiento de datos tambi\u00e9n se lleva a cabo sobre la base del art\u00edculo 25, apartado 1, de la TTDSG.<br \/>\n1 TTDSG.  El consentimiento puede revocarse en cualquier momento. Si sus datos son necesarios para la ejecuci\u00f3n de un contrato o para la aplicaci\u00f3n de medidas precontractuales, procesamos sus datos sobre la base del Art. 6 para. 1 lit. b DSGVO.   Adem\u00e1s, procesamos sus datos en la medida en que sea necesario para el cumplimiento de una obligaci\u00f3n legal sobre la base del Art. 6 Para. 1 lit. c DSGVO.   El tratamiento de datos tambi\u00e9n puede llevarse a cabo sobre la base de nuestro inter\u00e9s leg\u00edtimo de conformidad con el Art. 6 para. 1 lit. f DSGVO.   En los p\u00e1rrafos siguientes de esta declaraci\u00f3n de protecci\u00f3n de datos se facilita informaci\u00f3n sobre la base jur\u00eddica pertinente en cada caso concreto.<\/p>\n<h3>Empf\u00e4nger von personenbezogenen Daten<\/h3>\n<p>En el curso de nuestras actividades empresariales, cooperamos con diversos organismos externos. Dabei ist teilweise auch eine \u00dcbermittlung von personenbezogenen Daten an diese externen Stellen erforderlich. S\u00f3lo transmitimos datos personales a organismos externos si es necesario en el contexto del cumplimiento de un contrato, si estamos legalmente obligados a hacerlo (por ejemplo, transmisi\u00f3n de datos a las autoridades fiscales), si tenemos un inter\u00e9s justificado de conformidad con el Art. 6 Para. 1 lit. f DSGVO en la divulgaci\u00f3n o si otra base jur\u00eddica permite la divulgaci\u00f3n de los datos.   Cuando utilizamos procesadores, s\u00f3lo compartimos datos personales de nuestros clientes sobre la base de un contrato v\u00e1lido sobre el procesamiento encargado. Im Falle einer gemeinsamen Verarbeitung wird ein Vertrag \u00fcber gemeinsame Verarbeitung geschlossen.<\/p>\n<h3>Revocaci\u00f3n de su consentimiento para el tratamiento de datos<\/h3>\n<p>Muchas operaciones de tratamiento de datos s\u00f3lo son posibles con su consentimiento expl\u00edcito. Puede revocar el consentimiento que ya ha dado en cualquier momento. La legalidad del tratamiento de datos efectuado hasta la revocaci\u00f3n no se ver\u00e1 afectada por \u00e9sta.<\/p>\n<h3>Derecho a oponerse a la recogida de datos en casos espec\u00edficos y a la mercadotecnia directa (Art. 21 GDPR)<\/h3>\n<p>SI EL TRATAMIENTO DE DATOS SE BASA EN EL ART. 6 ABS. 1 LIT. E O F DSGVO, TIENE DERECHO A OPONERSE AL TRATAMIENTO DE SUS DATOS PERSONALES EN CUALQUIER MOMENTO POR MOTIVOS DERIVADOS DE SU SITUACI\u00d3N PARTICULAR; ESTO TAMBI\u00c9N SE APLICA A LA ELABORACI\u00d3N DE PERFILES BASADA EN ESTAS DISPOSICIONES.   LA BASE JUR\u00cdDICA RESPECTIVA EN LA QUE SE BASA EL TRATAMIENTO PUEDE CONSULTARSE EN ESTA DECLARACI\u00d3N DE PROTECCI\u00d3N DE DATOS. SI SE OPONE, DEJAREMOS DE TRATAR SUS DATOS PERSONALES A MENOS QUE PODAMOS DEMOSTRAR MOTIVOS LEG\u00cdTIMOS IMPERIOSOS PARA EL TRATAMIENTO QUE PREVALEZCAN SOBRE SUS INTERESES, DERECHOS Y LIBERTADES, O QUE EL TRATAMIENTO SEA PARA EL RECONOCIMIENTO, EJERCICIO O DEFENSA DE RECLAMACIONES LEGALES (OPOSICI\u00d3N EN VIRTUD DEL ART\u00cdCULO 21, APARTADO 1, DE LA DSGVO).<\/p>\n<p>SI SUS DATOS PERSONALES SE TRATAN CON FINES DE MERCADOTECNIA DIRECTA, USTED TIENE DERECHO A OPONERSE EN CUALQUIER MOMENTO AL TRATAMIENTO DE LOS DATOS PERSONALES QUE LE CONCIERNEN A EFECTOS DE DICHA MERCADOTECNIA; ESTO TAMBI\u00c9N SE APLICA A LA ELABORACI\u00d3N DE PERFILES EN LA MEDIDA EN QUE EST\u00c9 RELACIONADA CON DICHA MERCADOTECNIA DIRECTA. SI SE OPONE, SUS DATOS PERSONALES DEJAR\u00c1N DE UTILIZARSE POSTERIORMENTE PARA FINES DE VENTA DIRECTA (OPOSICI\u00d3N DE CONFORMIDAD CON EL ART\u00cdCULO 21, APARTADO 2, DE LA LEY ALEMANA DE PROTECCI\u00d3N DE DATOS).<\/p>\n<h3>Derecho de recurso ante la autoridad de control competente<\/h3>\n<p>En caso de infracci\u00f3n del RGPD, los interesados tendr\u00e1n derecho a recurrir ante una autoridad de control, en particular en el Estado miembro de su residencia habitual, lugar de trabajo o lugar de la presunta infracci\u00f3n. El derecho de recurso se entiende sin perjuicio de cualquier otro recurso administrativo o judicial.<\/p>\n<h3>Derecho a la portabilidad de los datos<\/h3>\n<p>Tiene derecho a que los datos que procesamos autom\u00e1ticamente sobre la base de su consentimiento o en ejecuci\u00f3n de un contrato se le entreguen a usted o a un tercero en un formato com\u00fan legible por m\u00e1quina. Si solicita la transferencia directa de los datos a otro responsable del tratamiento, s\u00f3lo se har\u00e1 en la medida en que sea t\u00e9cnicamente posible.<\/p>\n<h3>Informaci\u00f3n, rectificaci\u00f3n y supresi\u00f3n<\/h3>\n<p>En el marco de las disposiciones legales aplicables, usted tiene derecho en todo momento a recibir informaci\u00f3n gratuita sobre sus datos personales almacenados, su origen y destinatario y la finalidad del tratamiento de datos y, en su caso, derecho a la rectificaci\u00f3n o supresi\u00f3n de estos datos. Puede ponerse en contacto con nosotros en cualquier momento acerca de esta y otras cuestiones que pueda tener sobre el tema de los datos personales.<\/p>\n<h3>Derecho a restringir el tratamiento<\/h3>\n<p>Tiene derecho a solicitar la limitaci\u00f3n del tratamiento de sus datos personales. Para ello, puede ponerse en contacto con nosotros en cualquier momento. El derecho a restringir el tratamiento existe en los siguientes casos:<\/p>\n<ul>\n<li>Si impugna la exactitud de sus datos personales que obran en nuestro poder, normalmente necesitaremos tiempo para verificarlo. Mientras dure la revisi\u00f3n, tiene derecho a solicitar la restricci\u00f3n del tratamiento de sus datos personales.<\/li>\n<li>Si el tratamiento de sus datos personales se ha producido o se est\u00e1 produciendo de forma il\u00edcita, puede solicitar la limitaci\u00f3n del tratamiento de datos en lugar de su supresi\u00f3n.<\/li>\n<li>Si ya no necesitamos sus datos personales, pero usted los necesita para ejercer, defender o hacer valer reclamaciones legales, tiene derecho a solicitar la restricci\u00f3n del tratamiento de sus datos personales en lugar de su supresi\u00f3n.<\/li>\n<li>Si usted ha presentado una objeci\u00f3n de conformidad con el art. 21, apdo. 1 de la DSGVO, se debe alcanzar un equilibrio entre sus intereses y los nuestros. 1 de la DSGVO, se debe alcanzar un equilibrio entre sus intereses y los nuestros.  Mientras no se haya determinado qu\u00e9 intereses prevalecen, usted tiene derecho a exigir la restricci\u00f3n del tratamiento de sus datos personales.<\/li>\n<\/ul>\n<p>Si ha restringido el tratamiento de sus datos personales, dichos datos, adem\u00e1s de almacenarse, s\u00f3lo podr\u00e1n tratarse con su consentimiento o para el reconocimiento, ejercicio o defensa de un derecho en un procedimiento judicial o para la protecci\u00f3n de los derechos de otra persona f\u00edsica o jur\u00eddica o por razones de inter\u00e9s p\u00fablico importantes de la Uni\u00f3n Europea o de un Estado miembro.<\/p>\n<h3>Encriptaci\u00f3n SSL o TLS<\/h3>\n<p>Este sitio utiliza encriptaci\u00f3n SSL o TLS por razones de seguridad y para proteger la transmisi\u00f3n de contenido confidencial, como pedidos o consultas que nos env\u00ede como operador del sitio. Puede reconocer una conexi\u00f3n cifrada por el hecho de que la l\u00ednea de direcci\u00f3n del navegador cambia de \u00abhttp:\/\/\u00bb a \u00abhttps:\/\/\u00bb y por el s\u00edmbolo del candado en la l\u00ednea de su navegador.<\/p>\n<p>Si el cifrado SSL o TLS est\u00e1 activado, los datos que nos transmita no podr\u00e1n ser le\u00eddos por terceros.<\/p>\n<h3>Objeci\u00f3n a los correos electr\u00f3nicos publicitarios<\/h3>\n<p>Queda prohibido el uso de los datos de contacto publicados en el marco de la obligaci\u00f3n del pie de imprenta para el env\u00edo de publicidad y material informativo no solicitado expresamente. Los operadores de las p\u00e1ginas se reservan expresamente el derecho a emprender acciones legales en caso de env\u00edo no solicitado de informaci\u00f3n publicitaria, por ejemplo mediante correos electr\u00f3nicos basura.<\/p>\n<h2>4. Recogida de datos en este sitio web<\/h2>\n<h3>Cookies<\/h3>\n<p>Nuestras p\u00e1ginas de Internet utilizan las denominadas \u00abcookies\u00bb. Las cookies son peque\u00f1os paquetes de datos y no causan ning\u00fan da\u00f1o a su dispositivo final. Se almacenan temporalmente durante una sesi\u00f3n (cookies de sesi\u00f3n) o permanentemente (cookies permanentes) en su dispositivo terminal. Las cookies de sesi\u00f3n se eliminan autom\u00e1ticamente al final de su visita. Las cookies permanentes permanecen almacenadas en su dispositivo terminal hasta que usted mismo las borra o hasta que su navegador web las borra autom\u00e1ticamente.<\/p>\n<p>Las cookies pueden proceder de nosotros (cookies de origen) o de terceras empresas (las denominadas cookies de terceros). Las cookies de terceros permiten la integraci\u00f3n de determinados servicios de terceras empresas en los sitios web (por ejemplo, cookies para procesar servicios de pago).<\/p>\n<p>Las cookies tienen varias funciones. Muchas cookies son t\u00e9cnicamente necesarias, ya que determinadas funciones del sitio web no funcionar\u00edan sin ellas (por ejemplo, la funci\u00f3n de cesta de la compra o la visualizaci\u00f3n de v\u00eddeos). Otras cookies pueden utilizarse para evaluar el comportamiento del usuario o con fines publicitarios.<\/p>\n<p>Las cookies que son necesarias para llevar a cabo el proceso de comunicaci\u00f3n electr\u00f3nica, para proporcionar ciertas funciones que usted ha solicitado (por ejemplo, para la funci\u00f3n de cesta de la compra) o para optimizar el sitio web (por ejemplo, cookies para medir la audiencia web) (cookies necesarias) se almacenan sobre la base del Art. 6 para. 1 lit. f DSGVO, a menos que se especifique otra base jur\u00eddica.   El operador del sitio web tiene un inter\u00e9s leg\u00edtimo en almacenar las cookies necesarias para la prestaci\u00f3n t\u00e9cnicamente sin errores y optimizada de sus servicios. Si se ha solicitado el consentimiento para el almacenamiento de cookies y tecnolog\u00edas de reconocimiento comparables, el procesamiento se lleva a cabo exclusivamente sobre la base de este consentimiento (Art. 6 p\u00e1rr. 1 lit. a DSGVO y \u00a7 25 p\u00e1rr. 1 TTDSG); el consentimiento puede revocarse en cualquier momento.<\/p>\n<p>Puede configurar su navegador para que le informe sobre la instalaci\u00f3n de cookies y permitirlas s\u00f3lo en casos individuales, excluir la aceptaci\u00f3n de cookies para determinados casos o en general y activar la eliminaci\u00f3n autom\u00e1tica de cookies al cerrar el navegador. Si se desactivan las cookies, la funcionalidad de este sitio web puede verse limitada.<\/p>\n<p>Puede consultar qu\u00e9 cookies y servicios se utilizan en este sitio web en esta pol\u00edtica de privacidad.<\/p>\n<h3>Real Cookie Banner<\/h3>\n<p>Nuestro sitio web utiliza la tecnolog\u00eda Consentimiento de Real Cookie Banner para obtener su consentimiento para el almacenamiento de determinadas cookies en su dispositivo terminal o para el uso de determinadas tecnolog\u00edas y para documentar este consentimiento de conformidad con la ley de protecci\u00f3n de datos. El proveedor de esta tecnolog\u00eda es devowl.io GmbH, Tannet 12, 94539 Grafling, Alemania (en adelante, \u00abReal Cookie Banner\u00bb).<\/p>\n<p>Real Cookie Banner se instala localmente en nuestros servidores, por lo que no se establece conexi\u00f3n con los servidores del proveedor de Real Cookie Banner. Real Cookie Banner almacena una cookie en su navegador para poder asignar los consentimientos otorgados o su revocaci\u00f3n. Los datos recogidos de esta manera se almacenan hasta que usted nos pida que los eliminemos, elimine la cookie Real Cookie Banner usted mismo o el prop\u00f3sito para almacenar los datos ya no sea aplicable. Las obligaciones legales de conservaci\u00f3n no se ver\u00e1n afectadas.<\/p>\n<p>El uso de Real Cookie Banner se realiza con el fin de obtener los consentimientos legalmente requeridos para el uso de cookies. La base jur\u00eddica para ello es el Art. 6 para. 1 lit. c DSGVO.  <\/p>\n<h3>Archivos de registro del servidor<\/h3>\n<p>El proveedor de las p\u00e1ginas recoge y almacena autom\u00e1ticamente informaci\u00f3n en los denominados archivos de registro del servidor, que su navegador nos transmite autom\u00e1ticamente. Estos son:<\/p>\n<ul>\n<li>Tipo y versi\u00f3n de navegador<\/li>\n<li>Sistema operativo utilizado<\/li>\n<li>URL de referencia<\/li>\n<li>Nombre de host del ordenador de acceso<\/li>\n<li>Hora de la solicitud al servidor<\/li>\n<li>Direcci\u00f3n IP<\/li>\n<\/ul>\n<p>Estos datos no se fusionan con otras fuentes de datos.<\/p>\n<p>Estos datos se recogen sobre la base del Art. 6 para. 1 lit. f DSGVO.   El operador del sitio web tiene un inter\u00e9s leg\u00edtimo en la presentaci\u00f3n t\u00e9cnicamente libre de errores y la optimizaci\u00f3n de su sitio web &#8211; con este fin, los archivos de registro del servidor deben ser registrados.<\/p>\n<h3>Formulario de contacto<\/h3>\n<p>Si nos env\u00eda consultas a trav\u00e9s del formulario de contacto, sus datos del formulario de consulta, incluidos los datos de contacto que haya proporcionado all\u00ed, ser\u00e1n almacenados por nosotros con el fin de procesar la consulta y en caso de consultas de seguimiento. No transmitimos estos datos sin su consentimiento.<\/p>\n<p>El tratamiento de estos datos se basa en el Art. 6 para. 1 lit. b DSGVO, en la medida en que su solicitud est\u00e9 relacionada con el cumplimiento de un contrato o sea necesaria para la aplicaci\u00f3n de medidas precontractuales.   En todos los dem\u00e1s casos, el tratamiento se basa en nuestro inter\u00e9s leg\u00edtimo en la tramitaci\u00f3n eficaz de las consultas que se nos dirigen (art. 6, apdo. 1 lit. f DSGVO) o en su consentimiento (art. 6, apdo. 1 lit. a DSGVO) si \u00e9ste se ha solicitado; el consentimiento puede revocarse en cualquier momento.<\/p>\n<p>Los datos que introduzca en el formulario de contacto permanecer\u00e1n con nosotros hasta que nos solicite que los eliminemos, revoque su consentimiento para almacenarlos o deje de aplicarse el prop\u00f3sito para el que fueron almacenados (por ejemplo, despu\u00e9s de que hayamos terminado de procesar su consulta). Zwingende gesetzliche Bestimmungen \u2013 insbesondere Aufbewahrungsfristen \u2013 bleiben unber\u00fchrt.<\/p>\n<h3>Anfrage per E-Mail, Telefon oder Telefax<\/h3>\n<p>Si se pone en contacto con nosotros por correo electr\u00f3nico, tel\u00e9fono o fax, su consulta, incluidos todos los datos personales resultantes (nombre, consulta), ser\u00e1 almacenada y procesada por nosotros con el fin de tramitar su solicitud. No transmitimos estos datos sin su consentimiento.<\/p>\n<p>El tratamiento de estos datos se basa en el Art. 6 para. 1 lit. b DSGVO, en la medida en que su solicitud est\u00e9 relacionada con el cumplimiento de un contrato o sea necesaria para la aplicaci\u00f3n de medidas precontractuales.   En todos los dem\u00e1s casos, el tratamiento se basa en nuestro inter\u00e9s leg\u00edtimo en la tramitaci\u00f3n eficaz de las consultas que se nos dirigen (art. 6, apdo. 1 lit. f DSGVO) o en su consentimiento (art. 6, apdo. 1 lit. a DSGVO) si \u00e9ste se ha solicitado; el consentimiento puede revocarse en cualquier momento.<\/p>\n<p>Los datos que nos env\u00ede a trav\u00e9s de las solicitudes de contacto permanecer\u00e1n con nosotros hasta que nos solicite que los eliminemos, revoque su consentimiento para almacenarlos o deje de aplicarse el prop\u00f3sito para el que se almacenaron (por ejemplo, despu\u00e9s de que hayamos finalizado la tramitaci\u00f3n de su solicitud). Las disposiciones legales obligatorias, en particular los plazos legales de conservaci\u00f3n, no se ven afectadas.<\/p>\n<h2>5. Plugins y herramientas<\/h2>\n<h3>Google Fonts (alojamiento local)<\/h3>\n<p>Este sitio utiliza las llamadas Google Fonts, proporcionadas por Google, para la visualizaci\u00f3n uniforme de las fuentes. Las Google Fonts se instalan localmente. No se produce una conexi\u00f3n con los servidores de Google.<\/p>\n<p>Encontrar\u00e1 m\u00e1s informaci\u00f3n sobre Google Fonts en <a href=\"https:\/\/developers.google.com\/fonts\/faq\" target=\"_blank\" rel=\"noopener noreferrer\">https:\/\/developers.google.com\/fonts\/faq<\/a> y en la pol\u00edtica de privacidad de Google: <a href=\"https:\/\/policies.google.com\/privacy?hl=de\" target=\"_blank\" rel=\"noopener noreferrer\">https:\/\/policies.google.com\/privacy?hl=de<\/a> .<\/p>\n","protected":false},"excerpt":{"rendered":"<p>Pol\u00edtica de privacidad 1. La protecci\u00f3n de datos de un vistazo Notas generales Los siguientes avisos ofrecen una visi\u00f3n sencilla de lo que ocurre con sus datos personales cuando visita este sitio web. Los datos personales son aquellos que permiten identificarle personalmente. Si desea informaci\u00f3n detallada sobre el tema de la protecci\u00f3n de datos, consulte [&hellip;]<\/p>\n","protected":false},"author":1,"featured_media":0,"parent":0,"menu_order":0,"comment_status":"closed","ping_status":"closed","template":"","meta":{"_seopress_robots_primary_cat":"","_seopress_titles_title":"","_seopress_titles_desc":"","_seopress_robots_index":"","_bbp_topic_count":0,"_bbp_reply_count":0,"_bbp_total_topic_count":0,"_bbp_total_reply_count":0,"_bbp_voice_count":0,"_bbp_anonymous_reply_count":0,"_bbp_topic_count_hidden":0,"_bbp_reply_count_hidden":0,"_bbp_forum_subforum_count":0,"footnotes":""},"class_list":["post-1107","page","type-page","status-publish","hentry"],"_links":{"self":[{"href":"https:\/\/www.maceng.de\/es\/wp-json\/wp\/v2\/pages\/1107","targetHints":{"allow":["GET"]}}],"collection":[{"href":"https:\/\/www.maceng.de\/es\/wp-json\/wp\/v2\/pages"}],"about":[{"href":"https:\/\/www.maceng.de\/es\/wp-json\/wp\/v2\/types\/page"}],"author":[{"embeddable":true,"href":"https:\/\/www.maceng.de\/es\/wp-json\/wp\/v2\/users\/1"}],"replies":[{"embeddable":true,"href":"https:\/\/www.maceng.de\/es\/wp-json\/wp\/v2\/comments?post=1107"}],"version-history":[{"count":0,"href":"https:\/\/www.maceng.de\/es\/wp-json\/wp\/v2\/pages\/1107\/revisions"}],"wp:attachment":[{"href":"https:\/\/www.maceng.de\/es\/wp-json\/wp\/v2\/media?parent=1107"}],"curies":[{"name":"wp","href":"https:\/\/api.w.org\/{rel}","templated":true}]}}