{"id":1015,"date":"2023-07-21T18:13:12","date_gmt":"2023-07-21T16:13:12","guid":{"rendered":"https:\/\/www.maceng.de\/tecnologica-y-planificacion-de-aleaciones\/"},"modified":"2025-04-24T11:25:43","modified_gmt":"2025-04-24T09:25:43","slug":"tecnologica-y-planificacion-de-aleaciones","status":"publish","type":"page","link":"https:\/\/www.maceng.de\/es\/tecnologica-y-planificacion-de-aleaciones\/","title":{"rendered":"Procesos &#8211; Ingenier\u00eda y planificaci\u00f3n"},"content":{"rendered":"\n<style type=\"text\/css\" data-created_by=\"avia_inline_auto\" id=\"style-css-av-1gx3w-04f8756eeaf1c55c7c4d8d1d20197a65\">\n.avia-section.av-1gx3w-04f8756eeaf1c55c7c4d8d1d20197a65{\nbackground-color:#2d5c88;\nbackground:linear-gradient( to bottom, #2d5c88, #007ac3 );\n}\n<\/style>\n<div id='av_section_1'  class='avia-section av-1gx3w-04f8756eeaf1c55c7c4d8d1d20197a65 main_color avia-section-large avia-no-border-styling  avia-builder-el-0  el_before_av_section  avia-builder-el-first  avia-bg-style-scroll container_wrap fullsize'  ><div class='container av-section-cont-open' ><main  role=\"main\" itemprop=\"mainContentOfPage\"  class='template-page content  av-content-full alpha units'><div class='post-entry post-entry-type-page post-entry-1015'><div class='entry-content-wrapper clearfix'>\n<div  class='flex_column av-srtg-a61d90c2c79e18f8d8f356ebd8964d2c av_one_full  avia-builder-el-1  avia-builder-el-no-sibling  first flex_column_div  '     ><style type=\"text\/css\" data-created_by=\"avia_inline_auto\" id=\"style-css-av-lkcr0rya-595a9fa799c4a12a18d0164a701633c3\">\n#top .av-special-heading.av-lkcr0rya-595a9fa799c4a12a18d0164a701633c3{\npadding-bottom:10px;\ncolor:#ffffff;\n}\nbody .av-special-heading.av-lkcr0rya-595a9fa799c4a12a18d0164a701633c3 .av-special-heading-tag .heading-char{\nfont-size:25px;\n}\n#top #wrap_all .av-special-heading.av-lkcr0rya-595a9fa799c4a12a18d0164a701633c3 .av-special-heading-tag{\npadding:0 0 10px 0;\n}\n.av-special-heading.av-lkcr0rya-595a9fa799c4a12a18d0164a701633c3 .special-heading-inner-border{\nborder-color:#ffffff;\n}\n.av-special-heading.av-lkcr0rya-595a9fa799c4a12a18d0164a701633c3 .av-subheading{\nfont-size:24px;\n}\n<\/style>\n<div  class='av-special-heading av-lkcr0rya-595a9fa799c4a12a18d0164a701633c3 av-special-heading-h1 custom-color-heading blockquote modern-quote modern-centered  avia-builder-el-2  avia-builder-el-no-sibling '><h1 class='av-special-heading-tag '  itemprop=\"headline\"  >Planificaci\u00f3n de la fundici\u00f3n: procesos, ingenier\u00eda y planificaci\u00f3n<\/h1><div class=\"special-heading-border\"><div class=\"special-heading-inner-border\"><\/div><\/div><\/div><\/div>\n\n<\/div><\/div><\/main><!-- close content main element --><\/div><\/div><div id='av_section_2'  class='avia-section av-lnt19krl-e225529c5f22e8bc7616bc23d47c05b0 main_color avia-section-default avia-no-border-styling  avia-builder-el-3  el_after_av_section  el_before_av_section  avia-bg-style-fixed av-minimum-height av-minimum-height-50 av-height-50  container_wrap fullsize'   data-av_minimum_height_pc='50' data-av_min_height_opt='50'><div class='container av-section-cont-open' ><div class='template-page content  av-content-full alpha units'><div class='post-entry post-entry-type-page post-entry-1015'><div class='entry-content-wrapper clearfix'>\n\n<style type=\"text\/css\" data-created_by=\"avia_inline_auto\" id=\"style-css-av-lqxku2bd-970c3a2e949b51b112cd51b4e64879ad\">\n.avia-image-container.av-lqxku2bd-970c3a2e949b51b112cd51b4e64879ad img.avia_image{\nbox-shadow:none;\n}\n.avia-image-container.av-lqxku2bd-970c3a2e949b51b112cd51b4e64879ad .av-image-caption-overlay-center{\ncolor:#ffffff;\n}\n<\/style>\n<div  class='avia-image-container av-lqxku2bd-970c3a2e949b51b112cd51b4e64879ad av-styling- avia-align-center  avia-builder-el-4  avia-builder-el-no-sibling '   itemprop=\"image\" itemscope=\"itemscope\" itemtype=\"https:\/\/schema.org\/ImageObject\" ><div class=\"avia-image-container-inner\"><div class=\"avia-image-overlay-wrap\"><img alt=\"\" alt=\"\" decoding=\"async\" fetchpriority=\"high\" class='wp-image-1954 avia-img-lazy-loading-not-1954 avia_image ' src=\"https:\/\/www.maceng.de\/wp-content\/uploads\/2024\/01\/Engineering-Planung-Header-Grafik.png\" alt='' title='Engineering-Planung-Header-Grafik'  height=\"800\" width=\"1900\"  itemprop=\"thumbnailUrl\" srcset=\"https:\/\/www.maceng.de\/wp-content\/uploads\/2024\/01\/Engineering-Planung-Header-Grafik.png 1900w, https:\/\/www.maceng.de\/wp-content\/uploads\/2024\/01\/Engineering-Planung-Header-Grafik-300x126.png 300w, https:\/\/www.maceng.de\/wp-content\/uploads\/2024\/01\/Engineering-Planung-Header-Grafik-1030x434.png 1030w, https:\/\/www.maceng.de\/wp-content\/uploads\/2024\/01\/Engineering-Planung-Header-Grafik-768x323.png 768w, https:\/\/www.maceng.de\/wp-content\/uploads\/2024\/01\/Engineering-Planung-Header-Grafik-1536x647.png 1536w, https:\/\/www.maceng.de\/wp-content\/uploads\/2024\/01\/Engineering-Planung-Header-Grafik-1500x632.png 1500w, https:\/\/www.maceng.de\/wp-content\/uploads\/2024\/01\/Engineering-Planung-Header-Grafik-705x297.png 705w\" sizes=\"(max-width: 1900px) 100vw, 1900px\" \/><\/div><\/div><\/div>\n\n<\/div><\/div><\/div><!-- close content main div --><\/div><\/div>\n<style type=\"text\/css\" data-created_by=\"avia_inline_auto\" id=\"style-css-av-21xl8-85879ce1e28fa7faa7f452d1a010857c\">\n.avia-section.av-21xl8-85879ce1e28fa7faa7f452d1a010857c{\nbackground-color:#ffffff;\nbackground-image:unset;\n}\n<\/style>\n<div id='av_section_3'  class='avia-section av-21xl8-85879ce1e28fa7faa7f452d1a010857c main_color avia-section-default avia-no-border-styling  avia-builder-el-5  el_after_av_section  el_before_av_section  avia-bg-style-scroll container_wrap fullsize'  ><div class='container av-section-cont-open' ><div class='template-page content  av-content-full alpha units'><div class='post-entry post-entry-type-page post-entry-1015'><div class='entry-content-wrapper clearfix'>\n<div  id=\"technologie\"  class='flex_column av-1k32o-2949dfe6be3b66e631149031154dbb82 av_one_full  avia-builder-el-6  el_before_av_one_half  avia-builder-el-first  first flex_column_div  '     ><p>\n<style type=\"text\/css\" data-created_by=\"avia_inline_auto\" id=\"style-css-av-lnt1dk5l-c9856034900968dc92da0cfc31dedbad\">\n#top .av-special-heading.av-lnt1dk5l-c9856034900968dc92da0cfc31dedbad{\npadding-bottom:10px;\n}\nbody .av-special-heading.av-lnt1dk5l-c9856034900968dc92da0cfc31dedbad .av-special-heading-tag .heading-char{\nfont-size:25px;\n}\n.av-special-heading.av-lnt1dk5l-c9856034900968dc92da0cfc31dedbad .av-subheading{\nfont-size:15px;\n}\n<\/style>\n<div  class='av-special-heading av-lnt1dk5l-c9856034900968dc92da0cfc31dedbad av-special-heading-h2 blockquote modern-quote modern-centered  avia-builder-el-7  el_before_av_heading  avia-builder-el-first '><h2 class='av-special-heading-tag '  itemprop=\"headline\"  >Planificaci\u00f3n de la fundici\u00f3n: Planificaci\u00f3n del proceso de fundici\u00f3n y de la producci\u00f3n<\/h2><div class=\"special-heading-border\"><div class=\"special-heading-inner-border\"><\/div><\/div><\/div><br \/>\n\n<style type=\"text\/css\" data-created_by=\"avia_inline_auto\" id=\"style-css-av-m8tu56n6-f2f78c5cd1e5bb61e3feb32da09358c6\">\n#top .av-special-heading.av-m8tu56n6-f2f78c5cd1e5bb61e3feb32da09358c6{\npadding-bottom:10px;\n}\nbody .av-special-heading.av-m8tu56n6-f2f78c5cd1e5bb61e3feb32da09358c6 .av-special-heading-tag .heading-char{\nfont-size:25px;\n}\n.av-special-heading.av-m8tu56n6-f2f78c5cd1e5bb61e3feb32da09358c6 .av-subheading{\nfont-size:15px;\n}\n<\/style>\n<div  class='av-special-heading av-m8tu56n6-f2f78c5cd1e5bb61e3feb32da09358c6 av-special-heading-h3 blockquote modern-quote modern-centered  avia-builder-el-8  el_after_av_heading  avia-builder-el-last '><h3 class='av-special-heading-tag '  itemprop=\"headline\"  > para acero fundido, hierro fundido, aluminio y magnesio (metales no f\u00e9rricos)<\/h3><div class=\"special-heading-border\"><div class=\"special-heading-inner-border\"><\/div><\/div><\/div><\/p><\/div><div  id=\"technologie\"  class='flex_column av-dzlq3-47379d7f5b7fb046cc809e95e5cdb011 av_one_half  avia-builder-el-9  el_after_av_one_full  el_before_av_one_half  first flex_column_div  column-top-margin'     ><section  class='av_textblock_section av-lkcs7nn3-caea927d3f174f11bc22d7572aeda780 '   itemscope=\"itemscope\" itemtype=\"https:\/\/schema.org\/CreativeWork\" ><div class='avia_textblock'  itemprop=\"text\" ><h3><strong> Servicios en el \u00e1mbito de la planificaci\u00f3n de la fundici\u00f3n<\/strong><\/h3>\n<ul>\n<li>Conceptos de fabricaci\u00f3n para los c\u00e1lculos<\/li>\n<li>Dise\u00f1o de sistemas de trabajo equilibrados<\/li>\n<li>Planificaci\u00f3n del flujo del proceso<\/li>\n<li>Elaboraci\u00f3n del plan de control<\/li>\n<li>Concepci\u00f3n y realizaci\u00f3n de equipos operativos especiales, equipos modelo, moldes, as\u00ed como dispositivos de procesamiento y ensayo.<\/li>\n<li>Mecanizado de fundici\u00f3n bruta<\/li>\n<li>Tratamiento t\u00e9rmico y procesos de enderezado<\/li>\n<li>Fabricaci\u00f3n mec\u00e1nica<\/li>\n<li>Montaje<\/li>\n<\/ul>\n<ul>\n<li style=\"list-style-type: none;\">\n<\/li>\n<\/ul>\n<\/div><\/section><\/div><div  id=\"technologie\"  class='flex_column av-16p4r-d175dc60a5c1a7cba091008f96b5510e av_one_half  avia-builder-el-11  el_after_av_one_half  avia-builder-el-last  flex_column_div  column-top-margin'     ><style type=\"text\/css\" data-created_by=\"avia_inline_auto\" id=\"style-css-av-lnt1jj7k-5d0cf4e954e60448e1ea0a2c937b1e2f\">\n.avia-image-container.av-lnt1jj7k-5d0cf4e954e60448e1ea0a2c937b1e2f img.avia_image{\nbox-shadow:none;\n}\n.avia-image-container.av-lnt1jj7k-5d0cf4e954e60448e1ea0a2c937b1e2f .av-image-caption-overlay-center{\ncolor:#ffffff;\n}\n<\/style>\n<div  class='avia-image-container av-lnt1jj7k-5d0cf4e954e60448e1ea0a2c937b1e2f av-styling- avia-align-center  avia-builder-el-12  avia-builder-el-no-sibling '   itemprop=\"image\" itemscope=\"itemscope\" itemtype=\"https:\/\/schema.org\/ImageObject\" ><div class=\"avia-image-container-inner\"><div class=\"avia-image-overlay-wrap\"><img alt=\"\" decoding=\"async\" alt=\"\" fetchpriority=\"high\" class='wp-image-1975 avia-img-lazy-loading-not-1975 avia_image ' src=\"https:\/\/www.maceng.de\/wp-content\/uploads\/2024\/01\/Time-QuantityStructure.png\" alt='' title='Time-QuantityStructure'  height=\"600\" width=\"800\"  itemprop=\"thumbnailUrl\" srcset=\"https:\/\/www.maceng.de\/wp-content\/uploads\/2024\/01\/Time-QuantityStructure.png 800w, https:\/\/www.maceng.de\/wp-content\/uploads\/2024\/01\/Time-QuantityStructure-300x225.png 300w, https:\/\/www.maceng.de\/wp-content\/uploads\/2024\/01\/Time-QuantityStructure-768x576.png 768w, https:\/\/www.maceng.de\/wp-content\/uploads\/2024\/01\/Time-QuantityStructure-705x529.png 705w\" sizes=\"(max-width: 800px) 100vw, 800px\" \/><\/div><\/div><\/div><\/div>\n\n<\/div><\/div><\/div><!-- close content main div --><\/div><\/div>\n<style type=\"text\/css\" data-created_by=\"avia_inline_auto\" id=\"style-css-av-lkgz3ten-23feed14a61dcffe8159e83633226c37\">\n.avia-section.av-lkgz3ten-23feed14a61dcffe8159e83633226c37{\nbackground-color:#f2f2f2;\nbackground-image:unset;\n}\n<\/style>\n<div id='av_section_4'  class='avia-section av-lkgz3ten-23feed14a61dcffe8159e83633226c37 main_color avia-section-default avia-no-border-styling  avia-builder-el-13  el_after_av_section  el_before_av_section  avia-bg-style-scroll container_wrap fullsize'  ><div class='container av-section-cont-open' ><div class='template-page content  av-content-full alpha units'><div class='post-entry post-entry-type-page post-entry-1015'><div class='entry-content-wrapper clearfix'>\n<div  class='flex_column av-bm96z-35fd7e481244e5d9dc697b8d67aa6292 av_one_full  avia-builder-el-14  avia-builder-el-no-sibling  first flex_column_div  '     ><p>\n<style type=\"text\/css\" data-created_by=\"avia_inline_auto\" id=\"style-css-av-lnt1s1o4-b9609bbcf52ef0db33e80b80948a17f4\">\n#top .av-special-heading.av-lnt1s1o4-b9609bbcf52ef0db33e80b80948a17f4{\npadding-bottom:10px;\n}\nbody .av-special-heading.av-lnt1s1o4-b9609bbcf52ef0db33e80b80948a17f4 .av-special-heading-tag .heading-char{\nfont-size:25px;\n}\n.av-special-heading.av-lnt1s1o4-b9609bbcf52ef0db33e80b80948a17f4 .av-subheading{\nfont-size:15px;\n}\n<\/style>\n<div  class='av-special-heading av-lnt1s1o4-b9609bbcf52ef0db33e80b80948a17f4 av-special-heading-h3 blockquote modern-quote modern-centered  avia-builder-el-15  el_before_av_hr  avia-builder-el-first '><h3 class='av-special-heading-tag '  itemprop=\"headline\"  >M\u00e1s informaci\u00f3n sobre las opciones de planificaci\u00f3n en el sector de la fundici\u00f3n<\/h3><div class=\"special-heading-border\"><div class=\"special-heading-inner-border\"><\/div><\/div><\/div><br \/>\n\n<style type=\"text\/css\" data-created_by=\"avia_inline_auto\" id=\"style-css-av-86e37-493db8f018e9574ce20b804213466ae7\">\n#top .hr.hr-invisible.av-86e37-493db8f018e9574ce20b804213466ae7{\nheight:30px;\n}\n<\/style>\n<div  class='hr av-86e37-493db8f018e9574ce20b804213466ae7 hr-invisible  avia-builder-el-16  el_after_av_heading  el_before_av_buttonrow '><span class='hr-inner '><span class=\"hr-inner-style\"><\/span><\/span><\/div><br \/>\n\n<style type=\"text\/css\" data-created_by=\"avia_inline_auto\" id=\"style-css-av-lnt1pppo-9e2581b36b2b7b33c3e36cc2feb74187\">\n.avia-buttonrow-wrap.av-lnt1pppo-9e2581b36b2b7b33c3e36cc2feb74187 .avia-button{\npadding:20px 20px 20px 20px;\n}\n<\/style>\n<div  class='avia-buttonrow-wrap av-lnt1pppo-9e2581b36b2b7b33c3e36cc2feb74187 avia-buttonrow-center  avia-builder-el-17  el_after_av_hr  avia-builder-el-last '>\n\n<style type=\"text\/css\" data-created_by=\"avia_inline_auto\" id=\"style-css-av-lnt1ni1w-13141717c88b9f87731fe9851e3d3257\">\n#top #wrap_all .avia-button.av-lnt1ni1w-13141717c88b9f87731fe9851e3d3257{\nmargin-bottom:20px;\nmargin-right:10px;\nmargin-left:10px;\n}\n#top #wrap_all .avia-button.av-lnt1ni1w-13141717c88b9f87731fe9851e3d3257:hover{\ncolor:white;\ntransition:all 0.4s ease-in-out;\n}\n#top #wrap_all .avia-button.av-lnt1ni1w-13141717c88b9f87731fe9851e3d3257:hover .avia-svg-icon svg:first-child{\nfill:white;\nstroke:white;\n}\n<\/style>\n<a href='https:\/\/www.maceng.de\/es\/tecnologica-y-planificacion-de-aleaciones\/planificacion-de-la-fundicion-de-aluminio\/'  class='avia-button av-lnt1ni1w-13141717c88b9f87731fe9851e3d3257 avia-icon_select-no avia-size-large avia-color-grey avia-font-color-theme-color'   aria-label=\"Planificaci\u00f3n de la fundici\u00f3n de aluminio\"><span class='avia_iconbox_title' >Planificaci\u00f3n de la fundici\u00f3n de aluminio<\/span><span class='avia_button_background avia-button avia-color-theme-color-highlight' ><\/span><\/a>\n\n<style type=\"text\/css\" data-created_by=\"avia_inline_auto\" id=\"style-css-av-lnt1o1rc-f4d667be07a7c55a106592aa5dda6944\">\n#top #wrap_all .avia-button.av-lnt1o1rc-f4d667be07a7c55a106592aa5dda6944{\nmargin-bottom:20px;\nmargin-right:10px;\nmargin-left:10px;\n}\n<\/style>\n<a href='https:\/\/www.maceng.de\/es\/tecnologica-y-planificacion-de-aleaciones\/planificacion-de-la-fundicion-de-hierro\/'  class='avia-button av-lnt1o1rc-f4d667be07a7c55a106592aa5dda6944 avia-icon_select-no avia-size-small avia-color-theme-color'   aria-label=\"Planificaci\u00f3n de la fundici\u00f3n de hierro\"><span class='avia_iconbox_title' >Planificaci\u00f3n de la fundici\u00f3n de hierro<\/span><\/a>\n<\/div><\/p><\/div>\n\n<\/div><\/div><\/div><!-- close content main div --><\/div><\/div>\n<style type=\"text\/css\" data-created_by=\"avia_inline_auto\" id=\"style-css-av-ln5k3nsv-dab7747631a39ba1cac248bb775a8b17\">\n.avia-section.av-ln5k3nsv-dab7747631a39ba1cac248bb775a8b17{\nbackground-color:#ffffff;\nbackground-image:unset;\n}\n<\/style>\n<div id='av_section_5'  class='avia-section av-ln5k3nsv-dab7747631a39ba1cac248bb775a8b17 main_color avia-section-default avia-no-border-styling  avia-builder-el-18  el_after_av_section  el_before_av_section  avia-bg-style-scroll container_wrap fullsize'  ><div class='container av-section-cont-open' ><div class='template-page content  av-content-full alpha units'><div class='post-entry post-entry-type-page post-entry-1015'><div class='entry-content-wrapper clearfix'>\n<div  class='flex_column av-exqw3-fee111b2316a5060f92a5ef4871cc6fc av_one_full  avia-builder-el-19  el_before_av_one_half  avia-builder-el-first  first flex_column_div  '     ><style type=\"text\/css\" data-created_by=\"avia_inline_auto\" id=\"style-css-av-lnt1xa51-e544281bdf834b9da7c442918d91b212\">\n#top .av-special-heading.av-lnt1xa51-e544281bdf834b9da7c442918d91b212{\npadding-bottom:10px;\n}\nbody .av-special-heading.av-lnt1xa51-e544281bdf834b9da7c442918d91b212 .av-special-heading-tag .heading-char{\nfont-size:25px;\n}\n.av-special-heading.av-lnt1xa51-e544281bdf834b9da7c442918d91b212 .av-subheading{\nfont-size:15px;\n}\n<\/style>\n<div  class='av-special-heading av-lnt1xa51-e544281bdf834b9da7c442918d91b212 av-special-heading-h2 blockquote modern-quote modern-centered  avia-builder-el-20  avia-builder-el-no-sibling '><h2 class='av-special-heading-tag '  itemprop=\"headline\"  >Planificaci\u00f3n de fundiciones completas, forjas y sus procesos posteriores<\/h2><div class=\"special-heading-border\"><div class=\"special-heading-inner-border\"><\/div><\/div><\/div><\/div><div  class='flex_column av-16q7v7-15c5c33103cdce260c0e213d9c45ad52 av_one_half  avia-builder-el-21  el_after_av_one_full  el_before_av_one_half  first flex_column_div  column-top-margin'     ><section  class='av_textblock_section av-10rnbv-30b74c3c3b78c3bcf823d2e7215bbea5 '   itemscope=\"itemscope\" itemtype=\"https:\/\/schema.org\/CreativeWork\" ><div class='avia_textblock'  itemprop=\"text\" ><ul>\n<li>L\u00edneas de producci\u00f3n de arenas verdes para fundici\u00f3n mec\u00e1nica y de automoci\u00f3n<\/li>\n<li>Fundici\u00f3n de piezas grandes en molde permanente para barcos<\/li>\n<li>Fundici\u00f3n de componentes de energ\u00eda e\u00f3lica<\/li>\n<li>Modernizaciones de fundiciones durante la operaci\u00f3n de fusi\u00f3n<\/li>\n<li>Modernizaci\u00f3n y automatizaci\u00f3n de fundiciones y de todos sus procesos<\/li>\n<li>Construcci\u00f3n y reconversi\u00f3n en edificios existentes y en terrenos v\u00edrgenes<\/li>\n<\/ul>\n<\/div><\/section><br \/>\n\n<style type=\"text\/css\" data-created_by=\"avia_inline_auto\" id=\"style-css-av-hdrvf-1a1d26ea2d72963c7127c2a642d92d65\">\n#top .hr.hr-invisible.av-hdrvf-1a1d26ea2d72963c7127c2a642d92d65{\nheight:30px;\n}\n<\/style>\n<div  class='hr av-hdrvf-1a1d26ea2d72963c7127c2a642d92d65 hr-invisible  avia-builder-el-23  el_after_av_textblock  el_before_av_button '><span class='hr-inner '><span class=\"hr-inner-style\"><\/span><\/span><\/div><br \/>\n<div  class='avia-button-wrap av-eecl7-6465d60b7f62989ec45c7fd78abf09af-wrap avia-button-center  avia-builder-el-24  el_after_av_hr  avia-builder-el-last '>\n<style type=\"text\/css\" data-created_by=\"avia_inline_auto\" id=\"style-css-av-eecl7-6465d60b7f62989ec45c7fd78abf09af\">\n#top #wrap_all .avia-button.av-eecl7-6465d60b7f62989ec45c7fd78abf09af{\nfont-size:18px;\nbackground-color:#007cc3;\nbackground:linear-gradient( to bottom, #007cc3, #2d5c88 );\ntransition:all 0.4s ease-in-out;\n}\n#top #wrap_all .avia-button.av-eecl7-6465d60b7f62989ec45c7fd78abf09af:hover{\nopacity:0.9;\ncolor:white;\ntransition:all 0.4s ease-in-out;\n}\n#top #wrap_all .avia-button.av-eecl7-6465d60b7f62989ec45c7fd78abf09af:hover .avia-svg-icon svg:first-child{\nfill:white;\nstroke:white;\n}\n<\/style>\n<a href='https:\/\/www.maceng.de\/es\/contactenos\/'  class='avia-button av-eecl7-6465d60b7f62989ec45c7fd78abf09af av-link-btn avia-icon_select-yes-right-icon avia-size-large avia-position-center av-icon-on-hover avia-font-color-theme-color'   aria-label=\"Cont\u00e1ctenos\"><span class='avia_iconbox_title' >Cont\u00e1ctenos<\/span><span class='avia_button_icon avia_button_icon_right avia-iconfont avia-font-entypo-fontello' data-av_icon='\ue879' data-av_iconfont='entypo-fontello' ><\/span><\/a><\/div><\/p><\/div><div  class='flex_column av-7j7zf-a5ae0a3bde60bac1585e59366bef228d av_one_half  avia-builder-el-25  el_after_av_one_half  avia-builder-el-last  flex_column_div  column-top-margin'     ><style type=\"text\/css\" data-created_by=\"avia_inline_auto\" id=\"style-css-av-lnt220bo-bc54cf400bab8e712817c78dc37f5a2d\">\n.avia-image-container.av-lnt220bo-bc54cf400bab8e712817c78dc37f5a2d img.avia_image{\nbox-shadow:none;\n}\n.avia-image-container.av-lnt220bo-bc54cf400bab8e712817c78dc37f5a2d .av-image-caption-overlay-center{\ncolor:#ffffff;\n}\n<\/style>\n<div  class='avia-image-container av-lnt220bo-bc54cf400bab8e712817c78dc37f5a2d av-styling- avia-align-center  avia-builder-el-26  avia-builder-el-no-sibling '   itemprop=\"image\" itemscope=\"itemscope\" itemtype=\"https:\/\/schema.org\/ImageObject\" ><div class=\"avia-image-container-inner\"><div class=\"avia-image-overlay-wrap\"><img alt=\"\" decoding=\"async\" alt=\"\" fetchpriority=\"high\" class='wp-image-1677 avia-img-lazy-loading-not-1677 avia_image ' src=\"https:\/\/www.maceng.de\/wp-content\/uploads\/2023\/10\/MAC-GmbH-Planung.jpg\" alt='' title='MAC GmbH Planung'  height=\"607\" width=\"460\"  itemprop=\"thumbnailUrl\" srcset=\"https:\/\/www.maceng.de\/wp-content\/uploads\/2023\/10\/MAC-GmbH-Planung.jpg 460w, https:\/\/www.maceng.de\/wp-content\/uploads\/2023\/10\/MAC-GmbH-Planung-227x300.jpg 227w\" sizes=\"(max-width: 460px) 100vw, 460px\" \/><\/div><\/div><\/div><\/div><\/div><\/div><\/div><!-- close content main div --><\/div><\/div>\n<style type=\"text\/css\" data-created_by=\"avia_inline_auto\" id=\"style-css-av-ya6nf-da0e77140363cb6d7e28e89984149834\">\n.avia-section.av-ya6nf-da0e77140363cb6d7e28e89984149834{\nbackground-color:#f2f2f2;\nbackground-image:unset;\n}\n<\/style>\n<div id='av_section_6'  class='avia-section av-ya6nf-da0e77140363cb6d7e28e89984149834 main_color avia-section-default avia-no-border-styling  avia-builder-el-27  el_after_av_section  avia-builder-el-last  avia-bg-style-scroll container_wrap fullsize'  ><div class='container av-section-cont-open' ><div class='template-page content  av-content-full alpha units'><div class='post-entry post-entry-type-page post-entry-1015'><div class='entry-content-wrapper clearfix'>\n<div  class='flex_column av-sjmoz-00d04ad76d110161964b1228572db97a av_one_full  avia-builder-el-28  avia-builder-el-no-sibling  first flex_column_div  '     ><section  class='av_textblock_section av-nlhvv-d9d226fea31eb726aa4d928ff4b75933 '   itemscope=\"itemscope\" itemtype=\"https:\/\/schema.org\/CreativeWork\" ><div class='avia_textblock'  itemprop=\"text\" ><h3>La forja<\/h3>\n<p>En la industria alemana de la forja, hemos realizado, entre otras cosas, el mantenimiento puntual, las grandes revisiones de las plantas, la planificaci\u00f3n de plantas y procesos y su puesta en marcha.<\/p>\n<h3>Ingenier\u00eda estructural y civil<\/h3>\n<p>En todas las \u00e1reas de medidas y permisos de construcci\u00f3n industrial, hemos tenido un socio en Seibel Architektur . Consult de D\u00fcsseldorf, hemos tenido durante muchos a\u00f1os un socio que nos ha proporcionado un apoyo t\u00e9cnico profesional y fiable.<\/p>\n<\/div><\/section><br \/>\n\n<style type=\"text\/css\" data-created_by=\"avia_inline_auto\" id=\"style-css-av-89xej-7d122e7fb32fe2cbe04c5d661a3c85f7\">\n#top .hr.hr-invisible.av-89xej-7d122e7fb32fe2cbe04c5d661a3c85f7{\nheight:30px;\n}\n<\/style>\n<div  class='hr av-89xej-7d122e7fb32fe2cbe04c5d661a3c85f7 hr-invisible  avia-builder-el-30  el_after_av_textblock  el_before_av_button '><span class='hr-inner '><span class=\"hr-inner-style\"><\/span><\/span><\/div><br \/>\n<div  class='avia-button-wrap av-a3x6b-6a60419aebe2e9999ffc93be62ab5a27-wrap avia-button-center  avia-builder-el-31  el_after_av_hr  avia-builder-el-last '>\n<style type=\"text\/css\" data-created_by=\"avia_inline_auto\" id=\"style-css-av-a3x6b-6a60419aebe2e9999ffc93be62ab5a27\">\n#top #wrap_all .avia-button.av-a3x6b-6a60419aebe2e9999ffc93be62ab5a27{\nfont-size:18px;\nbackground-color:#007cc3;\nbackground:linear-gradient( to bottom, #007cc3, #2d5c88 );\ntransition:all 0.4s ease-in-out;\n}\n#top #wrap_all .avia-button.av-a3x6b-6a60419aebe2e9999ffc93be62ab5a27:hover{\nopacity:0.9;\ncolor:white;\ntransition:all 0.4s ease-in-out;\n}\n#top #wrap_all .avia-button.av-a3x6b-6a60419aebe2e9999ffc93be62ab5a27:hover .avia-svg-icon svg:first-child{\nfill:white;\nstroke:white;\n}\n<\/style>\n<a href='https:\/\/www.maceng.de\/es\/contactenos\/'  class='avia-button av-a3x6b-6a60419aebe2e9999ffc93be62ab5a27 av-link-btn avia-icon_select-yes-right-icon avia-size-large avia-position-center av-icon-on-hover avia-font-color-theme-color'   aria-label=\"Cont\u00e1ctenos\"><span class='avia_iconbox_title' >Cont\u00e1ctenos<\/span><span class='avia_button_icon avia_button_icon_right avia-iconfont avia-font-entypo-fontello' data-av_icon='\ue879' data-av_iconfont='entypo-fontello' ><\/span><\/a><\/div><\/p><\/div>\n<\/p>\n","protected":false},"excerpt":{"rendered":"","protected":false},"author":1,"featured_media":0,"parent":0,"menu_order":0,"comment_status":"closed","ping_status":"closed","template":"","meta":{"_seopress_robots_primary_cat":"","_seopress_titles_title":"Planificaci\u00f3n de la fundici\u00f3n | MAC GmbH","_seopress_titles_desc":"Su socio de confianza para la planificaci\u00f3n y consultor\u00eda de fundiciones y procesos en ingenier\u00eda mec\u00e1nica - MAC GmbH desde el Sur de Alemania","_seopress_robots_index":"","_bbp_topic_count":0,"_bbp_reply_count":0,"_bbp_total_topic_count":0,"_bbp_total_reply_count":0,"_bbp_voice_count":0,"_bbp_anonymous_reply_count":0,"_bbp_topic_count_hidden":0,"_bbp_reply_count_hidden":0,"_bbp_forum_subforum_count":0,"footnotes":""},"class_list":["post-1015","page","type-page","status-publish","hentry"],"_links":{"self":[{"href":"https:\/\/www.maceng.de\/es\/wp-json\/wp\/v2\/pages\/1015","targetHints":{"allow":["GET"]}}],"collection":[{"href":"https:\/\/www.maceng.de\/es\/wp-json\/wp\/v2\/pages"}],"about":[{"href":"https:\/\/www.maceng.de\/es\/wp-json\/wp\/v2\/types\/page"}],"author":[{"embeddable":true,"href":"https:\/\/www.maceng.de\/es\/wp-json\/wp\/v2\/users\/1"}],"replies":[{"embeddable":true,"href":"https:\/\/www.maceng.de\/es\/wp-json\/wp\/v2\/comments?post=1015"}],"version-history":[{"count":25,"href":"https:\/\/www.maceng.de\/es\/wp-json\/wp\/v2\/pages\/1015\/revisions"}],"predecessor-version":[{"id":2514,"href":"https:\/\/www.maceng.de\/es\/wp-json\/wp\/v2\/pages\/1015\/revisions\/2514"}],"wp:attachment":[{"href":"https:\/\/www.maceng.de\/es\/wp-json\/wp\/v2\/media?parent=1015"}],"curies":[{"name":"wp","href":"https:\/\/api.w.org\/{rel}","templated":true}]}}