{"id":1009,"date":"2023-07-21T11:17:13","date_gmt":"2023-07-21T09:17:13","guid":{"rendered":"https:\/\/www.maceng.de\/ingenieria-y-planificacion-de-la-produccion\/"},"modified":"2024-01-03T13:49:35","modified_gmt":"2024-01-03T12:49:35","slug":"ingenieria-y-planificacion-de-la-produccion","status":"publish","type":"page","link":"https:\/\/www.maceng.de\/es\/ingenieria-y-planificacion-de-la-produccion\/","title":{"rendered":"Desarrollo de productos"},"content":{"rendered":"<div id='av-layout-grid-1'  class='av-layout-grid-container av-lqxjcq6p-044ee312204676020086c724d153b2ad entry-content-wrapper main_color av-flex-cells  avia-builder-el-0  el_before_av_section  avia-builder-el-first  av-cell-min-height av-cell-min-height-50  container_wrap fullsize'   data-av_minimum_height_pc='50'>\n\n<style type=\"text\/css\" data-created_by=\"avia_inline_auto\" id=\"style-css-av-lqxjcwq8-f49de75e0ca1ae271861f03f862a883f\">\n.flex_cell.av-lqxjcwq8-f49de75e0ca1ae271861f03f862a883f{\nvertical-align:top;\n}\n.responsive #top #wrap_all .flex_cell.av-lqxjcwq8-f49de75e0ca1ae271861f03f862a883f{\npadding:0px 0px 0px 0px !important;\n}\n<\/style>\n<div class='flex_cell av-lqxjcwq8-f49de75e0ca1ae271861f03f862a883f av-gridrow-cell av_one_half no_margin  avia-builder-el-1  el_before_av_cell_one_half  avia-builder-el-first  content-align-top av-zero-padding'  ><div class='flex_cell_inner'>\n<style type=\"text\/css\" data-created_by=\"avia_inline_auto\" id=\"style-css-av-lqxjfisg-d637d836102cabb3101d2af029805f92\">\n.avia-image-container.av-lqxjfisg-d637d836102cabb3101d2af029805f92 img.avia_image{\nbox-shadow:none;\n}\n.avia-image-container.av-lqxjfisg-d637d836102cabb3101d2af029805f92 .av-image-caption-overlay-center{\ncolor:#ffffff;\n}\n<\/style>\n<div  class='avia-image-container av-lqxjfisg-d637d836102cabb3101d2af029805f92 av-styling- avia-align-center  avia-builder-el-2  avia-builder-el-no-sibling '   itemprop=\"image\" itemscope=\"itemscope\" itemtype=\"https:\/\/schema.org\/ImageObject\" ><div class=\"avia-image-container-inner\"><div class=\"avia-image-overlay-wrap\"><img alt=\"\" alt=\"\" decoding=\"async\" fetchpriority=\"high\" class='wp-image-1888 avia-img-lazy-loading-not-1888 avia_image ' src=\"https:\/\/www.maceng.de\/wp-content\/uploads\/2024\/01\/Elektroplattform.jpg\" alt='' title='Elektroplattform'  height=\"800\" width=\"900\"  itemprop=\"thumbnailUrl\" srcset=\"https:\/\/www.maceng.de\/wp-content\/uploads\/2024\/01\/Elektroplattform.jpg 900w, https:\/\/www.maceng.de\/wp-content\/uploads\/2024\/01\/Elektroplattform-300x267.jpg 300w, https:\/\/www.maceng.de\/wp-content\/uploads\/2024\/01\/Elektroplattform-768x683.jpg 768w, https:\/\/www.maceng.de\/wp-content\/uploads\/2024\/01\/Elektroplattform-705x627.jpg 705w\" sizes=\"(max-width: 900px) 100vw, 900px\" \/><\/div><\/div><\/div>\n<\/div><\/div>\n<style type=\"text\/css\" data-created_by=\"avia_inline_auto\" id=\"style-css-av-lqxjfpql-45aadba5ae4a5f29fd5c103b610418fa\">\n.flex_cell.av-lqxjfpql-45aadba5ae4a5f29fd5c103b610418fa{\nvertical-align:top;\n}\n.responsive #top #wrap_all .flex_cell.av-lqxjfpql-45aadba5ae4a5f29fd5c103b610418fa{\npadding:0px 0px 0px 0px !important;\n}\n<\/style>\n<div class='flex_cell av-lqxjfpql-45aadba5ae4a5f29fd5c103b610418fa av-gridrow-cell av_one_half no_margin  avia-builder-el-3  el_after_av_cell_one_half  avia-builder-el-last  content-align-top av-zero-padding'  ><div class='flex_cell_inner'>\n<style type=\"text\/css\" data-created_by=\"avia_inline_auto\" id=\"style-css-av-lqxjgo54-bb1cdda2987ec695e35dadd70d89f8c5\">\n.avia-image-container.av-lqxjgo54-bb1cdda2987ec695e35dadd70d89f8c5 img.avia_image{\nbox-shadow:none;\n}\n.avia-image-container.av-lqxjgo54-bb1cdda2987ec695e35dadd70d89f8c5 .av-image-caption-overlay-center{\ncolor:#ffffff;\n}\n<\/style>\n<div  class='avia-image-container av-lqxjgo54-bb1cdda2987ec695e35dadd70d89f8c5 av-styling- avia-align-center  avia-builder-el-4  avia-builder-el-no-sibling '   itemprop=\"image\" itemscope=\"itemscope\" itemtype=\"https:\/\/schema.org\/ImageObject\" ><div class=\"avia-image-container-inner\"><div class=\"avia-image-overlay-wrap\"><img alt=\"\" alt=\"\" decoding=\"async\" fetchpriority=\"high\" class='wp-image-1892 avia-img-lazy-loading-not-1892 avia_image ' src=\"https:\/\/www.maceng.de\/wp-content\/uploads\/2024\/01\/Fahrwerks-und-Motorenteile.jpg\" alt='' title='Fahrwerks-und-Motorenteile'  height=\"800\" width=\"900\"  itemprop=\"thumbnailUrl\" srcset=\"https:\/\/www.maceng.de\/wp-content\/uploads\/2024\/01\/Fahrwerks-und-Motorenteile.jpg 900w, https:\/\/www.maceng.de\/wp-content\/uploads\/2024\/01\/Fahrwerks-und-Motorenteile-300x267.jpg 300w, https:\/\/www.maceng.de\/wp-content\/uploads\/2024\/01\/Fahrwerks-und-Motorenteile-768x683.jpg 768w, https:\/\/www.maceng.de\/wp-content\/uploads\/2024\/01\/Fahrwerks-und-Motorenteile-705x627.jpg 705w\" sizes=\"(max-width: 900px) 100vw, 900px\" \/><\/div><\/div><\/div>\n<\/div><\/div>\n<\/div>\n\n<style type=\"text\/css\" data-created_by=\"avia_inline_auto\" id=\"style-css-av-1gx3w-04f8756eeaf1c55c7c4d8d1d20197a65\">\n.avia-section.av-1gx3w-04f8756eeaf1c55c7c4d8d1d20197a65{\nbackground-color:#2d5c88;\nbackground:linear-gradient( to bottom, #2d5c88, #007ac3 );\n}\n<\/style>\n<div id='av_section_1'  class='avia-section av-1gx3w-04f8756eeaf1c55c7c4d8d1d20197a65 main_color avia-section-large avia-no-border-styling  avia-builder-el-5  el_after_av_layout_row  el_before_av_section  avia-bg-style-scroll container_wrap fullsize'  ><div class='container av-section-cont-open' ><div class='template-page content  av-content-full alpha units'><div class='post-entry post-entry-type-page post-entry-1009'><div class='entry-content-wrapper clearfix'>\n<div  class='flex_column av-srtg-a61d90c2c79e18f8d8f356ebd8964d2c av_one_full  avia-builder-el-6  avia-builder-el-no-sibling  first flex_column_div  '     ><style type=\"text\/css\" data-created_by=\"avia_inline_auto\" id=\"style-css-av-lkcr0rya-c1335c3c827982e38fe46bb32999db73\">\n#top .av-special-heading.av-lkcr0rya-c1335c3c827982e38fe46bb32999db73{\npadding-bottom:10px;\ncolor:#ffffff;\n}\nbody .av-special-heading.av-lkcr0rya-c1335c3c827982e38fe46bb32999db73 .av-special-heading-tag .heading-char{\nfont-size:25px;\n}\n#top #wrap_all .av-special-heading.av-lkcr0rya-c1335c3c827982e38fe46bb32999db73 .av-special-heading-tag{\npadding:0 0 10px 0;\n}\n.av-special-heading.av-lkcr0rya-c1335c3c827982e38fe46bb32999db73 .special-heading-inner-border{\nborder-color:#ffffff;\n}\n.av-special-heading.av-lkcr0rya-c1335c3c827982e38fe46bb32999db73 .av-subheading{\nfont-size:24px;\n}\n<\/style>\n<div  class='av-special-heading av-lkcr0rya-c1335c3c827982e38fe46bb32999db73 av-special-heading-h1 custom-color-heading blockquote modern-quote modern-centered  avia-builder-el-7  avia-builder-el-no-sibling '><h1 class='av-special-heading-tag '  itemprop=\"headline\"  >Desarrollo de productos  <\/h1><div class=\"special-heading-border\"><div class=\"special-heading-inner-border\"><\/div><\/div><\/div><\/div>\n\n<\/div><\/div><\/div><!-- close content main div --><\/div><\/div><div id='av_section_2'  class='avia-section av-x8e0-f43dca0daa4a9e08200b7b3fa13534ec main_color avia-section-default avia-no-border-styling  avia-builder-el-8  el_after_av_section  avia-builder-el-last  avia-bg-style-scroll container_wrap fullsize'  ><div class='container av-section-cont-open' ><div class='template-page content  av-content-full alpha units'><div class='post-entry post-entry-type-page post-entry-1009'><div class='entry-content-wrapper clearfix'>\n\n<style type=\"text\/css\" data-created_by=\"avia_inline_auto\" id=\"style-css-av-xgkg-ef311d916a72e65fd36df00dc9c5ee38\">\n.flex_column.av-xgkg-ef311d916a72e65fd36df00dc9c5ee38{\npadding:0 0 0 0;\n}\n<\/style>\n<div  id=\"planung\"  class='flex_column av-xgkg-ef311d916a72e65fd36df00dc9c5ee38 av_one_full  avia-builder-el-9  el_before_av_one_half  avia-builder-el-first  first flex_column_div av-zero-column-padding  '     ><style type=\"text\/css\" data-created_by=\"avia_inline_auto\" id=\"style-css-av-lnt3hieo-37eaa796e5ffbdef40229d91df48ec0a\">\n#top .av-special-heading.av-lnt3hieo-37eaa796e5ffbdef40229d91df48ec0a{\npadding-bottom:10px;\n}\nbody .av-special-heading.av-lnt3hieo-37eaa796e5ffbdef40229d91df48ec0a .av-special-heading-tag .heading-char{\nfont-size:25px;\n}\n.av-special-heading.av-lnt3hieo-37eaa796e5ffbdef40229d91df48ec0a .av-subheading{\nfont-size:15px;\n}\n<\/style>\n<div  class='av-special-heading av-lnt3hieo-37eaa796e5ffbdef40229d91df48ec0a av-special-heading-h2 blockquote modern-quote modern-centered  avia-builder-el-10  avia-builder-el-no-sibling '><h2 class='av-special-heading-tag '  itemprop=\"headline\"  >Desarrollo de la fundici\u00f3n con planificaci\u00f3n de aleaciones y tecnolog\u00edas<\/h2><div class=\"special-heading-border\"><div class=\"special-heading-inner-border\"><\/div><\/div><\/div><\/div>\n<style type=\"text\/css\" data-created_by=\"avia_inline_auto\" id=\"style-css-av-24ems-394f0aa4ce0a8116cca6dc8330672090\">\n.flex_column.av-24ems-394f0aa4ce0a8116cca6dc8330672090{\npadding:0 0 0 0;\n}\n<\/style>\n<div  id=\"planung\"  class='flex_column av-24ems-394f0aa4ce0a8116cca6dc8330672090 av_one_half  avia-builder-el-11  el_after_av_one_full  el_before_av_one_half  first flex_column_div av-zero-column-padding  column-top-margin'     ><section  class='av_textblock_section av-lnt3izgm-94627ba10e8899eab848469d0d2abcec '   itemscope=\"itemscope\" itemtype=\"https:\/\/schema.org\/CreativeWork\" ><div class='avia_textblock'  itemprop=\"text\" ><ul>\n<li>Desarrollo de la fundici\u00f3n y estudios de viabilidad hasta el lanzamiento de la producci\u00f3n SOP<\/li>\n<li>Desarrollo de componentes en tecnolog\u00eda de fundici\u00f3n\n<ul>\n<li>Construcci\u00f3n Dise\u00f1o de la fundici\u00f3n y selecci\u00f3n de la aleaci\u00f3n<\/li>\n<li>Sustituci\u00f3n de construcciones de chapa por construcciones de fundici\u00f3n<\/li>\n<li>Desarrollo de nuevas piezas de acero, hierro y aleaciones no ferrosas<\/li>\n<li>Dise\u00f1o geom\u00e9trico adecuado para la producci\u00f3n &#8211; dise\u00f1o al coste<\/li>\n<li>Desarrollo 3D<\/li>\n<li>Derivaci\u00f3n del dibujo<\/li>\n<\/ul>\n<\/li>\n<li>Desarrollo de procesos de fundici\u00f3n &#8211; Simulaci\u00f3n num\u00e9rica Magmasoft, Flow 3D\n<ul>\n<li>Aluminio y magnesio (fundici\u00f3n a presi\u00f3n, fundici\u00f3n por gravedad, fundici\u00f3n en arena)<\/li>\n<li>Fundici\u00f3n de hierro y acero (fundici\u00f3n por gravedad, fundici\u00f3n en arena)<\/li>\n<\/ul>\n<\/li>\n<\/ul>\n<\/div><\/section><br \/>\n\n<style type=\"text\/css\" data-created_by=\"avia_inline_auto\" id=\"style-css-av-1htlc-9f1cc4827999026d0e5dfa0b7a8c118c\">\n#top .hr.hr-invisible.av-1htlc-9f1cc4827999026d0e5dfa0b7a8c118c{\nheight:30px;\n}\n<\/style>\n<div  class='hr av-1htlc-9f1cc4827999026d0e5dfa0b7a8c118c hr-invisible  avia-builder-el-13  el_after_av_textblock  el_before_av_button '><span class='hr-inner '><span class=\"hr-inner-style\"><\/span><\/span><\/div><br \/>\n<div  class='avia-button-wrap av-ptho-a23ade29abda64e9dee0f51005bc53db-wrap avia-button-center  avia-builder-el-14  el_after_av_hr  avia-builder-el-last '>\n<style type=\"text\/css\" data-created_by=\"avia_inline_auto\" id=\"style-css-av-ptho-a23ade29abda64e9dee0f51005bc53db\">\n#top #wrap_all .avia-button.av-ptho-a23ade29abda64e9dee0f51005bc53db{\nfont-size:18px;\nbackground-color:#007cc3;\nbackground:linear-gradient( to bottom, #007cc3, #2d5c88 );\ntransition:all 0.4s ease-in-out;\n}\n#top #wrap_all .avia-button.av-ptho-a23ade29abda64e9dee0f51005bc53db:hover{\nopacity:0.9;\ncolor:white;\ntransition:all 0.4s ease-in-out;\n}\n#top #wrap_all .avia-button.av-ptho-a23ade29abda64e9dee0f51005bc53db:hover .avia-svg-icon svg:first-child{\nfill:white;\nstroke:white;\n}\n<\/style>\n<a href='https:\/\/www.maceng.de\/es\/contactenos\/'  class='avia-button av-ptho-a23ade29abda64e9dee0f51005bc53db av-link-btn avia-icon_select-yes-right-icon avia-size-large avia-position-center av-icon-on-hover avia-font-color-theme-color'   aria-label=\"Cont\u00e1ctenos\"><span class='avia_iconbox_title' >Cont\u00e1ctenos<\/span><span class='avia_button_icon avia_button_icon_right avia-iconfont avia-font-entypo-fontello' data-av_icon='\ue879' data-av_iconfont='entypo-fontello' ><\/span><\/a><\/div><\/p><\/div><div  class='flex_column av-s5fw-37935f4536a137f055f6463a1bf9a95b av_one_half  avia-builder-el-15  el_after_av_one_half  avia-builder-el-last  flex_column_div  column-top-margin'     ><style type=\"text\/css\" data-created_by=\"avia_inline_auto\" id=\"style-css-av-10las-2eb5217342c9aec272da1dedd5aeb868\">\n#top .avia-gallery.av-10las-2eb5217342c9aec272da1dedd5aeb868 .avia-gallery-thumb a{\nwidth:33.3333%;\n}\n<\/style>\n<div  class='avia-gallery av-10las-2eb5217342c9aec272da1dedd5aeb868 avia_animate_when_visible  avia-builder-el-16  avia-builder-el-no-sibling  avia_lazyload av-slideshow-ui av-loop-manual-endless av-control-hidden av-navigate-arrows av-navigate-dots hover-effect av-control-hidden avia-gallery-animate avia-gallery-1'  itemprop=\"image\" itemscope=\"itemscope\" itemtype=\"https:\/\/schema.org\/ImageObject\" ><meta itemprop=\"contentURL\" content=\"https:\/\/www.maceng.de\/es\/ingenieria-y-planificacion-de-la-produccion\/\"><a class='avia-gallery-big fakeLightbox lightbox avia-gallery-big-crop-thumb ' href=\"https:\/\/www.maceng.de\/wp-content\/uploads\/2024\/01\/1-1.png\" data-srcset=\"https:\/\/www.maceng.de\/wp-content\/uploads\/2024\/01\/1-1.png 800w, https:\/\/www.maceng.de\/wp-content\/uploads\/2024\/01\/1-1-300x225.png 300w, https:\/\/www.maceng.de\/wp-content\/uploads\/2024\/01\/1-1-768x576.png 768w, https:\/\/www.maceng.de\/wp-content\/uploads\/2024\/01\/1-1-705x529.png 705w\" data-sizes=\"(max-width: 800px) 100vw, 800px\"  data-onclick='1' title='1' ><span class='avia-gallery-big-inner'  itemprop=\"thumbnailUrl\" ><img alt=\"\" decoding=\"async\" alt=\"\" fetchpriority=\"high\" class=\"wp-image-1926 avia-img-lazy-loading-not-1926\"  width=\"800\" height=\"600\" src=\"https:\/\/www.maceng.de\/wp-content\/uploads\/2024\/01\/1-1.png\" title='1' alt='' srcset=\"https:\/\/www.maceng.de\/wp-content\/uploads\/2024\/01\/1-1.png 800w, https:\/\/www.maceng.de\/wp-content\/uploads\/2024\/01\/1-1-300x225.png 300w, https:\/\/www.maceng.de\/wp-content\/uploads\/2024\/01\/1-1-768x576.png 768w, https:\/\/www.maceng.de\/wp-content\/uploads\/2024\/01\/1-1-705x529.png 705w\" sizes=\"(max-width: 800px) 100vw, 800px\" \/><\/span><\/a><div class='avia-gallery-thumb'><a href=\"https:\/\/www.maceng.de\/wp-content\/uploads\/2024\/01\/1-1.png\" data-srcset=\"https:\/\/www.maceng.de\/wp-content\/uploads\/2024\/01\/1-1.png 800w, https:\/\/www.maceng.de\/wp-content\/uploads\/2024\/01\/1-1-300x225.png 300w, https:\/\/www.maceng.de\/wp-content\/uploads\/2024\/01\/1-1-768x576.png 768w, https:\/\/www.maceng.de\/wp-content\/uploads\/2024\/01\/1-1-705x529.png 705w\" data-sizes=\"(max-width: 800px) 100vw, 800px\" data-rel='gallery-1' data-prev-img='https:\/\/www.maceng.de\/wp-content\/uploads\/2024\/01\/1-1.png' class='first_thumb lightbox ' data-onclick='1' title='1'  itemprop=\"thumbnailUrl\"  ><img alt=\"\" decoding=\"async\" alt=\"\" fetchpriority=\"high\" class=\"wp-image-1926 avia-img-lazy-loading-not-1926\"   src=\"https:\/\/www.maceng.de\/wp-content\/uploads\/2024\/01\/1-1-495x400.png\" width=\"495\" height=\"400\"  title='1' alt='' \/><div class='big-prev-fake'><img alt=\"\" decoding=\"async\" alt=\"\" loading=\"lazy\" class=\"wp-image-1926 avia-img-lazy-loading-1926\"  width=\"800\" height=\"600\" src=\"https:\/\/www.maceng.de\/wp-content\/uploads\/2024\/01\/1-1.png\" title='1' alt='' srcset=\"https:\/\/www.maceng.de\/wp-content\/uploads\/2024\/01\/1-1.png 800w, https:\/\/www.maceng.de\/wp-content\/uploads\/2024\/01\/1-1-300x225.png 300w, https:\/\/www.maceng.de\/wp-content\/uploads\/2024\/01\/1-1-768x576.png 768w, https:\/\/www.maceng.de\/wp-content\/uploads\/2024\/01\/1-1-705x529.png 705w\" sizes=\"auto, (max-width: 800px) 100vw, 800px\" \/><\/div><\/a><a href=\"https:\/\/www.maceng.de\/wp-content\/uploads\/2024\/01\/2-1.png\" data-srcset=\"https:\/\/www.maceng.de\/wp-content\/uploads\/2024\/01\/2-1.png 800w, https:\/\/www.maceng.de\/wp-content\/uploads\/2024\/01\/2-1-300x225.png 300w, https:\/\/www.maceng.de\/wp-content\/uploads\/2024\/01\/2-1-768x576.png 768w, https:\/\/www.maceng.de\/wp-content\/uploads\/2024\/01\/2-1-705x529.png 705w\" data-sizes=\"(max-width: 800px) 100vw, 800px\" data-rel='gallery-1' data-prev-img='https:\/\/www.maceng.de\/wp-content\/uploads\/2024\/01\/2-1.png' class='lightbox ' data-onclick='2' title='2'  itemprop=\"thumbnailUrl\"  ><img alt=\"\" decoding=\"async\" alt=\"\" fetchpriority=\"high\" class=\"wp-image-1930 avia-img-lazy-loading-not-1930\"   src=\"https:\/\/www.maceng.de\/wp-content\/uploads\/2024\/01\/2-1-495x400.png\" width=\"495\" height=\"400\"  title='2' alt='' \/><div class='big-prev-fake'><img alt=\"\" decoding=\"async\" alt=\"\" loading=\"lazy\" class=\"wp-image-1930 avia-img-lazy-loading-1930\"  width=\"800\" height=\"600\" src=\"https:\/\/www.maceng.de\/wp-content\/uploads\/2024\/01\/2-1.png\" title='2' alt='' srcset=\"https:\/\/www.maceng.de\/wp-content\/uploads\/2024\/01\/2-1.png 800w, https:\/\/www.maceng.de\/wp-content\/uploads\/2024\/01\/2-1-300x225.png 300w, https:\/\/www.maceng.de\/wp-content\/uploads\/2024\/01\/2-1-768x576.png 768w, https:\/\/www.maceng.de\/wp-content\/uploads\/2024\/01\/2-1-705x529.png 705w\" sizes=\"auto, (max-width: 800px) 100vw, 800px\" \/><\/div><\/a><a href=\"https:\/\/www.maceng.de\/wp-content\/uploads\/2024\/01\/3-1.png\" data-srcset=\"https:\/\/www.maceng.de\/wp-content\/uploads\/2024\/01\/3-1.png 800w, https:\/\/www.maceng.de\/wp-content\/uploads\/2024\/01\/3-1-300x225.png 300w, https:\/\/www.maceng.de\/wp-content\/uploads\/2024\/01\/3-1-768x576.png 768w, https:\/\/www.maceng.de\/wp-content\/uploads\/2024\/01\/3-1-705x529.png 705w\" data-sizes=\"(max-width: 800px) 100vw, 800px\" data-rel='gallery-1' data-prev-img='https:\/\/www.maceng.de\/wp-content\/uploads\/2024\/01\/3-1.png' class='lightbox ' data-onclick='3' title='3'  itemprop=\"thumbnailUrl\"  ><img alt=\"\" decoding=\"async\" alt=\"\" fetchpriority=\"high\" class=\"wp-image-1934 avia-img-lazy-loading-not-1934\"   src=\"https:\/\/www.maceng.de\/wp-content\/uploads\/2024\/01\/3-1-495x400.png\" width=\"495\" height=\"400\"  title='3' alt='' \/><div class='big-prev-fake'><img alt=\"\" decoding=\"async\" alt=\"\" loading=\"lazy\" class=\"wp-image-1934 avia-img-lazy-loading-1934\"  width=\"800\" height=\"600\" src=\"https:\/\/www.maceng.de\/wp-content\/uploads\/2024\/01\/3-1.png\" title='3' alt='' srcset=\"https:\/\/www.maceng.de\/wp-content\/uploads\/2024\/01\/3-1.png 800w, https:\/\/www.maceng.de\/wp-content\/uploads\/2024\/01\/3-1-300x225.png 300w, https:\/\/www.maceng.de\/wp-content\/uploads\/2024\/01\/3-1-768x576.png 768w, https:\/\/www.maceng.de\/wp-content\/uploads\/2024\/01\/3-1-705x529.png 705w\" sizes=\"auto, (max-width: 800px) 100vw, 800px\" \/><\/div><\/a><a href=\"https:\/\/www.maceng.de\/wp-content\/uploads\/2024\/01\/4-1.png\" data-srcset=\"https:\/\/www.maceng.de\/wp-content\/uploads\/2024\/01\/4-1.png 800w, https:\/\/www.maceng.de\/wp-content\/uploads\/2024\/01\/4-1-300x225.png 300w, https:\/\/www.maceng.de\/wp-content\/uploads\/2024\/01\/4-1-768x576.png 768w, https:\/\/www.maceng.de\/wp-content\/uploads\/2024\/01\/4-1-705x529.png 705w\" data-sizes=\"(max-width: 800px) 100vw, 800px\" data-rel='gallery-1' data-prev-img='https:\/\/www.maceng.de\/wp-content\/uploads\/2024\/01\/4-1.png' class='first_thumb lightbox ' data-onclick='4' title='4'  itemprop=\"thumbnailUrl\"  ><img alt=\"\" decoding=\"async\" alt=\"\" fetchpriority=\"high\" class=\"wp-image-1938 avia-img-lazy-loading-not-1938\"   src=\"https:\/\/www.maceng.de\/wp-content\/uploads\/2024\/01\/4-1-495x400.png\" width=\"495\" height=\"400\"  title='4' alt='' \/><div class='big-prev-fake'><img alt=\"\" decoding=\"async\" alt=\"\" loading=\"lazy\" class=\"wp-image-1938 avia-img-lazy-loading-1938\"  width=\"800\" height=\"600\" src=\"https:\/\/www.maceng.de\/wp-content\/uploads\/2024\/01\/4-1.png\" title='4' alt='' srcset=\"https:\/\/www.maceng.de\/wp-content\/uploads\/2024\/01\/4-1.png 800w, https:\/\/www.maceng.de\/wp-content\/uploads\/2024\/01\/4-1-300x225.png 300w, https:\/\/www.maceng.de\/wp-content\/uploads\/2024\/01\/4-1-768x576.png 768w, https:\/\/www.maceng.de\/wp-content\/uploads\/2024\/01\/4-1-705x529.png 705w\" sizes=\"auto, (max-width: 800px) 100vw, 800px\" \/><\/div><\/a><a href=\"https:\/\/www.maceng.de\/wp-content\/uploads\/2024\/01\/5-1.png\" data-srcset=\"https:\/\/www.maceng.de\/wp-content\/uploads\/2024\/01\/5-1.png 800w, https:\/\/www.maceng.de\/wp-content\/uploads\/2024\/01\/5-1-300x225.png 300w, https:\/\/www.maceng.de\/wp-content\/uploads\/2024\/01\/5-1-768x576.png 768w, https:\/\/www.maceng.de\/wp-content\/uploads\/2024\/01\/5-1-705x529.png 705w\" data-sizes=\"(max-width: 800px) 100vw, 800px\" data-rel='gallery-1' data-prev-img='https:\/\/www.maceng.de\/wp-content\/uploads\/2024\/01\/5-1.png' class='lightbox ' data-onclick='5' title='5'  itemprop=\"thumbnailUrl\"  ><img alt=\"\" decoding=\"async\" alt=\"\" fetchpriority=\"high\" class=\"wp-image-1942 avia-img-lazy-loading-not-1942\"   src=\"https:\/\/www.maceng.de\/wp-content\/uploads\/2024\/01\/5-1-495x400.png\" width=\"495\" height=\"400\"  title='5' alt='' \/><div class='big-prev-fake'><img alt=\"\" decoding=\"async\" alt=\"\" loading=\"lazy\" class=\"wp-image-1942 avia-img-lazy-loading-1942\"  width=\"800\" height=\"600\" src=\"https:\/\/www.maceng.de\/wp-content\/uploads\/2024\/01\/5-1.png\" title='5' alt='' srcset=\"https:\/\/www.maceng.de\/wp-content\/uploads\/2024\/01\/5-1.png 800w, https:\/\/www.maceng.de\/wp-content\/uploads\/2024\/01\/5-1-300x225.png 300w, https:\/\/www.maceng.de\/wp-content\/uploads\/2024\/01\/5-1-768x576.png 768w, https:\/\/www.maceng.de\/wp-content\/uploads\/2024\/01\/5-1-705x529.png 705w\" sizes=\"auto, (max-width: 800px) 100vw, 800px\" \/><\/div><\/a><a href=\"https:\/\/www.maceng.de\/wp-content\/uploads\/2024\/01\/6-1.png\" data-srcset=\"https:\/\/www.maceng.de\/wp-content\/uploads\/2024\/01\/6-1.png 800w, https:\/\/www.maceng.de\/wp-content\/uploads\/2024\/01\/6-1-300x225.png 300w, https:\/\/www.maceng.de\/wp-content\/uploads\/2024\/01\/6-1-768x576.png 768w, https:\/\/www.maceng.de\/wp-content\/uploads\/2024\/01\/6-1-705x529.png 705w\" data-sizes=\"(max-width: 800px) 100vw, 800px\" data-rel='gallery-1' data-prev-img='https:\/\/www.maceng.de\/wp-content\/uploads\/2024\/01\/6-1.png' class='lightbox ' data-onclick='6' title='6'  itemprop=\"thumbnailUrl\"  ><img alt=\"\" decoding=\"async\" alt=\"\" fetchpriority=\"high\" class=\"wp-image-1946 avia-img-lazy-loading-not-1946\"   src=\"https:\/\/www.maceng.de\/wp-content\/uploads\/2024\/01\/6-1-495x400.png\" width=\"495\" height=\"400\"  title='6' alt='' \/><div class='big-prev-fake'><img alt=\"\" decoding=\"async\" alt=\"\" loading=\"lazy\" class=\"wp-image-1946 avia-img-lazy-loading-1946\"  width=\"800\" height=\"600\" src=\"https:\/\/www.maceng.de\/wp-content\/uploads\/2024\/01\/6-1.png\" title='6' alt='' srcset=\"https:\/\/www.maceng.de\/wp-content\/uploads\/2024\/01\/6-1.png 800w, https:\/\/www.maceng.de\/wp-content\/uploads\/2024\/01\/6-1-300x225.png 300w, https:\/\/www.maceng.de\/wp-content\/uploads\/2024\/01\/6-1-768x576.png 768w, https:\/\/www.maceng.de\/wp-content\/uploads\/2024\/01\/6-1-705x529.png 705w\" sizes=\"auto, (max-width: 800px) 100vw, 800px\" \/><\/div><\/a><\/div><\/div><\/div>\n","protected":false},"excerpt":{"rendered":"","protected":false},"author":1,"featured_media":0,"parent":0,"menu_order":0,"comment_status":"closed","ping_status":"closed","template":"","meta":{"_seopress_robots_primary_cat":"","_seopress_titles_title":"","_seopress_titles_desc":"","_seopress_robots_index":"","_bbp_topic_count":0,"_bbp_reply_count":0,"_bbp_total_topic_count":0,"_bbp_total_reply_count":0,"_bbp_voice_count":0,"_bbp_anonymous_reply_count":0,"_bbp_topic_count_hidden":0,"_bbp_reply_count_hidden":0,"_bbp_forum_subforum_count":0,"footnotes":""},"class_list":["post-1009","page","type-page","status-publish","hentry"],"_links":{"self":[{"href":"https:\/\/www.maceng.de\/es\/wp-json\/wp\/v2\/pages\/1009","targetHints":{"allow":["GET"]}}],"collection":[{"href":"https:\/\/www.maceng.de\/es\/wp-json\/wp\/v2\/pages"}],"about":[{"href":"https:\/\/www.maceng.de\/es\/wp-json\/wp\/v2\/types\/page"}],"author":[{"embeddable":true,"href":"https:\/\/www.maceng.de\/es\/wp-json\/wp\/v2\/users\/1"}],"replies":[{"embeddable":true,"href":"https:\/\/www.maceng.de\/es\/wp-json\/wp\/v2\/comments?post=1009"}],"version-history":[{"count":9,"href":"https:\/\/www.maceng.de\/es\/wp-json\/wp\/v2\/pages\/1009\/revisions"}],"predecessor-version":[{"id":2076,"href":"https:\/\/www.maceng.de\/es\/wp-json\/wp\/v2\/pages\/1009\/revisions\/2076"}],"wp:attachment":[{"href":"https:\/\/www.maceng.de\/es\/wp-json\/wp\/v2\/media?parent=1009"}],"curies":[{"name":"wp","href":"https:\/\/api.w.org\/{rel}","templated":true}]}}